{"id":1187,"date":"2025-02-20T12:30:27","date_gmt":"2025-02-20T12:30:27","guid":{"rendered":"https:\/\/gofastoil.com\/?page_id=1187"},"modified":"2025-10-16T08:36:26","modified_gmt":"2025-10-16T08:36:26","slug":"protect","status":"publish","type":"page","link":"https:\/\/gofastoil.com\/en\/protect\/","title":{"rendered":"ProtectPlus"},"content":{"rendered":"<div data-elementor-type=\"wp-page\" data-elementor-id=\"1187\" class=\"elementor elementor-1187\" data-elementor-post-type=\"page\">\n\t\t\t\t<div class=\"elementor-element elementor-element-cba47bb e-flex e-con-boxed wpr-particle-no wpr-jarallax-no wpr-parallax-no wpr-sticky-section-no e-con e-parent\" data-id=\"cba47bb\" data-element_type=\"container\">\n\t\t\t\t\t<div class=\"e-con-inner\">\n\t\t\t\t<div class=\"elementor-element elementor-element-832d240 elementor-widget elementor-widget-spacer\" data-id=\"832d240\" data-element_type=\"widget\" data-widget_type=\"spacer.default\">\n\t\t\t\t<div class=\"elementor-widget-container\">\n\t\t\t\t\t\t\t<div class=\"elementor-spacer\">\n\t\t\t<div class=\"elementor-spacer-inner\"><\/div>\n\t\t<\/div>\n\t\t\t\t\t\t<\/div>\n\t\t\t\t<\/div>\n\t\t\t\t<div class=\"elementor-element elementor-element-e82f97e elementor-widget elementor-widget-image\" data-id=\"e82f97e\" data-element_type=\"widget\" data-widget_type=\"image.default\">\n\t\t\t\t<div class=\"elementor-widget-container\">\n\t\t\t\t\t\t\t\t\t\t\t\t\t\t\t<img fetchpriority=\"high\" decoding=\"async\" width=\"768\" height=\"336\" src=\"https:\/\/gofastoil.com\/wp-content\/uploads\/2025\/09\/Protect-Plus-Copie-768x336.jpg\" class=\"attachment-medium_large size-medium_large wp-image-1681\" alt=\"\" srcset=\"https:\/\/gofastoil.com\/wp-content\/uploads\/2025\/09\/Protect-Plus-Copie-768x336.jpg 768w, https:\/\/gofastoil.com\/wp-content\/uploads\/2025\/09\/Protect-Plus-Copie-300x131.jpg 300w, https:\/\/gofastoil.com\/wp-content\/uploads\/2025\/09\/Protect-Plus-Copie-1024x448.jpg 1024w, https:\/\/gofastoil.com\/wp-content\/uploads\/2025\/09\/Protect-Plus-Copie-18x8.jpg 18w, https:\/\/gofastoil.com\/wp-content\/uploads\/2025\/09\/Protect-Plus-Copie-600x262.jpg 600w, https:\/\/gofastoil.com\/wp-content\/uploads\/2025\/09\/Protect-Plus-Copie.jpg 1221w\" sizes=\"(max-width: 768px) 100vw, 768px\" \/>\t\t\t\t\t\t\t\t\t\t\t\t\t\t\t<\/div>\n\t\t\t\t<\/div>\n\t\t\t\t<div class=\"elementor-element elementor-element-6b3e41e elementor-widget elementor-widget-heading\" data-id=\"6b3e41e\" data-element_type=\"widget\" data-widget_type=\"heading.default\">\n\t\t\t\t<div class=\"elementor-widget-container\">\n\t\t\t\t\t<h2 class=\"elementor-heading-title elementor-size-default\">TECHNOLOGIE PROTECT+<\/h2>\t\t\t\t<\/div>\n\t\t\t\t<\/div>\n\t\t\t\t<div class=\"elementor-element elementor-element-b08d869 elementor-widget elementor-widget-spacer\" data-id=\"b08d869\" data-element_type=\"widget\" data-widget_type=\"spacer.default\">\n\t\t\t\t<div class=\"elementor-widget-container\">\n\t\t\t\t\t\t\t<div class=\"elementor-spacer\">\n\t\t\t<div class=\"elementor-spacer-inner\"><\/div>\n\t\t<\/div>\n\t\t\t\t\t\t<\/div>\n\t\t\t\t<\/div>\n\t\t\t\t\t<\/div>\n\t\t\t\t<\/div>\n\t\t<div class=\"elementor-element elementor-element-a100020 e-flex e-con-boxed wpr-particle-no wpr-jarallax-no wpr-parallax-no wpr-sticky-section-no e-con e-parent\" data-id=\"a100020\" data-element_type=\"container\">\n\t\t\t\t\t<div class=\"e-con-inner\">\n\t\t\t\t<div class=\"elementor-element elementor-element-9cab949 elementor-widget elementor-widget-text-editor\" data-id=\"9cab949\" data-element_type=\"widget\" data-widget_type=\"text-editor.default\">\n\t\t\t\t<div class=\"elementor-widget-container\">\n\t\t\t\t\t\t\t\t\t<h5 style=\"text-align: center;\">Protect+ est une technologie avanc\u00e9e d\u00e9velopp\u00e9e pour offrir une protection maximale aux moteurs modernes. Gr\u00e2ce \u00e0 une formulation innovante, elle r\u00e9duit l\u2019usure, am\u00e9liore la performance et prolonge la dur\u00e9e de vie des moteurs, m\u00eame dans les conditions les plus extr\u00eames.<\/h5>\t\t\t\t\t\t\t\t<\/div>\n\t\t\t\t<\/div>\n\t\t\t\t\t<\/div>\n\t\t\t\t<\/div>\n\t\t\t\t<section class=\"elementor-section elementor-top-section elementor-element elementor-element-3bdb9cb0 elementor-section-stretched elementor-section-boxed elementor-section-height-default elementor-section-height-default wpr-particle-no wpr-jarallax-no wpr-parallax-no wpr-sticky-section-no\" data-id=\"3bdb9cb0\" data-element_type=\"section\" data-settings=\"{&quot;stretch_section&quot;:&quot;section-stretched&quot;,&quot;background_background&quot;:&quot;classic&quot;}\">\n\t\t\t\t\t\t\t<div class=\"elementor-background-overlay\"><\/div>\n\t\t\t\t\t\t\t<div class=\"elementor-container elementor-column-gap-default\">\n\t\t\t\t\t<div class=\"elementor-column elementor-col-20 elementor-top-column elementor-element elementor-element-60b826c2 elementor-invisible\" data-id=\"60b826c2\" data-element_type=\"column\" data-settings=\"{&quot;background_background&quot;:&quot;classic&quot;,&quot;animation&quot;:&quot;fadeInUp&quot;,&quot;animation_delay&quot;:500}\">\n\t\t\t<div class=\"elementor-widget-wrap elementor-element-populated\">\n\t\t\t\t\t\t<div class=\"elementor-element elementor-element-7fbf85e0 elementor-position-top elementor-widget elementor-widget-image-box\" data-id=\"7fbf85e0\" data-element_type=\"widget\" data-widget_type=\"image-box.default\">\n\t\t\t\t<div class=\"elementor-widget-container\">\n\t\t\t\t\t<div class=\"elementor-image-box-wrapper\"><figure class=\"elementor-image-box-img\"><img decoding=\"async\" width=\"629\" height=\"408\" src=\"https:\/\/gofastoil.com\/wp-content\/uploads\/2025\/10\/GoFast-JPG-200Ko.jpg\" class=\"attachment-full size-full wp-image-1783\" alt=\"\" srcset=\"https:\/\/gofastoil.com\/wp-content\/uploads\/2025\/10\/GoFast-JPG-200Ko.jpg 629w, https:\/\/gofastoil.com\/wp-content\/uploads\/2025\/10\/GoFast-JPG-200Ko-300x195.jpg 300w, https:\/\/gofastoil.com\/wp-content\/uploads\/2025\/10\/GoFast-JPG-200Ko-18x12.jpg 18w, https:\/\/gofastoil.com\/wp-content\/uploads\/2025\/10\/GoFast-JPG-200Ko-600x389.jpg 600w\" sizes=\"(max-width: 629px) 100vw, 629px\" \/><\/figure><div class=\"elementor-image-box-content\"><h3 class=\"elementor-image-box-title\">Film Protecteur Intelligent<\/h3><p class=\"elementor-image-box-description\">Cr\u00e9e un film mol\u00e9culaire qui r\u00e9duit le contact m\u00e9tal-m\u00e9tal.\n\nDiminue l\u2019usure jusqu\u2019\u00e0 30 %, m\u00eame au d\u00e9marrage \u00e0 froid.<\/p><\/div><\/div>\t\t\t\t<\/div>\n\t\t\t\t<\/div>\n\t\t\t\t\t<\/div>\n\t\t<\/div>\n\t\t\t\t<div class=\"elementor-column elementor-col-20 elementor-top-column elementor-element elementor-element-3a477c82 elementor-invisible\" data-id=\"3a477c82\" data-element_type=\"column\" data-settings=\"{&quot;background_background&quot;:&quot;classic&quot;,&quot;animation&quot;:&quot;fadeInUp&quot;,&quot;animation_delay&quot;:500}\">\n\t\t\t<div class=\"elementor-widget-wrap elementor-element-populated\">\n\t\t\t\t\t\t<div class=\"elementor-element elementor-element-5fbb387a elementor-position-top elementor-widget elementor-widget-image-box\" data-id=\"5fbb387a\" data-element_type=\"widget\" data-widget_type=\"image-box.default\">\n\t\t\t\t<div class=\"elementor-widget-container\">\n\t\t\t\t\t<div class=\"elementor-image-box-wrapper\"><figure class=\"elementor-image-box-img\"><img decoding=\"async\" width=\"629\" height=\"408\" src=\"https:\/\/gofastoil.com\/wp-content\/uploads\/2025\/10\/GoFast-JPG-200Ko.jpg\" class=\"attachment-full size-full wp-image-1783\" alt=\"\" srcset=\"https:\/\/gofastoil.com\/wp-content\/uploads\/2025\/10\/GoFast-JPG-200Ko.jpg 629w, https:\/\/gofastoil.com\/wp-content\/uploads\/2025\/10\/GoFast-JPG-200Ko-300x195.jpg 300w, https:\/\/gofastoil.com\/wp-content\/uploads\/2025\/10\/GoFast-JPG-200Ko-18x12.jpg 18w, https:\/\/gofastoil.com\/wp-content\/uploads\/2025\/10\/GoFast-JPG-200Ko-600x389.jpg 600w\" sizes=\"(max-width: 629px) 100vw, 629px\" \/><\/figure><div class=\"elementor-image-box-content\"><h3 class=\"elementor-image-box-title\">R\u00e9sistance Thermique<\/h3><p class=\"elementor-image-box-description\">Stabilit\u00e9 de l\u2019huile de -35\u00b0C \u00e0 +250\u00b0C.\n\nProt\u00e8ge le moteur contre oxydation et d\u00e9gradation.<\/p><\/div><\/div>\t\t\t\t<\/div>\n\t\t\t\t<\/div>\n\t\t\t\t\t<\/div>\n\t\t<\/div>\n\t\t\t\t<div class=\"elementor-column elementor-col-20 elementor-top-column elementor-element elementor-element-3e2ff3de elementor-invisible\" data-id=\"3e2ff3de\" data-element_type=\"column\" data-settings=\"{&quot;background_background&quot;:&quot;classic&quot;,&quot;animation&quot;:&quot;fadeInUp&quot;,&quot;animation_delay&quot;:500}\">\n\t\t\t<div class=\"elementor-widget-wrap elementor-element-populated\">\n\t\t\t\t\t\t<div class=\"elementor-element elementor-element-a6ceaba elementor-position-top elementor-widget elementor-widget-image-box\" data-id=\"a6ceaba\" data-element_type=\"widget\" data-widget_type=\"image-box.default\">\n\t\t\t\t<div class=\"elementor-widget-container\">\n\t\t\t\t\t<div class=\"elementor-image-box-wrapper\"><figure class=\"elementor-image-box-img\"><img decoding=\"async\" width=\"629\" height=\"408\" src=\"https:\/\/gofastoil.com\/wp-content\/uploads\/2025\/10\/GoFast-JPG-200Ko.jpg\" class=\"attachment-full size-full wp-image-1783\" alt=\"\" srcset=\"https:\/\/gofastoil.com\/wp-content\/uploads\/2025\/10\/GoFast-JPG-200Ko.jpg 629w, https:\/\/gofastoil.com\/wp-content\/uploads\/2025\/10\/GoFast-JPG-200Ko-300x195.jpg 300w, https:\/\/gofastoil.com\/wp-content\/uploads\/2025\/10\/GoFast-JPG-200Ko-18x12.jpg 18w, https:\/\/gofastoil.com\/wp-content\/uploads\/2025\/10\/GoFast-JPG-200Ko-600x389.jpg 600w\" sizes=\"(max-width: 629px) 100vw, 629px\" \/><\/figure><div class=\"elementor-image-box-content\"><h3 class=\"elementor-image-box-title\">Antioxydants &amp; D\u00e9tergents<\/h3><p class=\"elementor-image-box-description\">Lutte contre la formation de boues et d\u00e9p\u00f4ts.\n\nMaintient le moteur propre et performant.<\/p><\/div><\/div>\t\t\t\t<\/div>\n\t\t\t\t<\/div>\n\t\t\t\t\t<\/div>\n\t\t<\/div>\n\t\t\t\t<div class=\"elementor-column elementor-col-20 elementor-top-column elementor-element elementor-element-4744050c elementor-invisible\" data-id=\"4744050c\" data-element_type=\"column\" data-settings=\"{&quot;background_background&quot;:&quot;classic&quot;,&quot;animation&quot;:&quot;fadeInUp&quot;,&quot;animation_delay&quot;:500}\">\n\t\t\t<div class=\"elementor-widget-wrap elementor-element-populated\">\n\t\t\t\t\t\t<div class=\"elementor-element elementor-element-5d113056 elementor-position-top elementor-widget elementor-widget-image-box\" data-id=\"5d113056\" data-element_type=\"widget\" data-widget_type=\"image-box.default\">\n\t\t\t\t<div class=\"elementor-widget-container\">\n\t\t\t\t\t<div class=\"elementor-image-box-wrapper\"><figure class=\"elementor-image-box-img\"><img decoding=\"async\" width=\"629\" height=\"408\" src=\"https:\/\/gofastoil.com\/wp-content\/uploads\/2025\/10\/GoFast-JPG-200Ko.jpg\" class=\"attachment-full size-full wp-image-1783\" alt=\"\" srcset=\"https:\/\/gofastoil.com\/wp-content\/uploads\/2025\/10\/GoFast-JPG-200Ko.jpg 629w, https:\/\/gofastoil.com\/wp-content\/uploads\/2025\/10\/GoFast-JPG-200Ko-300x195.jpg 300w, https:\/\/gofastoil.com\/wp-content\/uploads\/2025\/10\/GoFast-JPG-200Ko-18x12.jpg 18w, https:\/\/gofastoil.com\/wp-content\/uploads\/2025\/10\/GoFast-JPG-200Ko-600x389.jpg 600w\" sizes=\"(max-width: 629px) 100vw, 629px\" \/><\/figure><div class=\"elementor-image-box-content\"><h3 class=\"elementor-image-box-title\">Performance &amp; Efficacit\u00e9<\/h3><p class=\"elementor-image-box-description\">R\u00e9duit la consommation d\u2019huile et le carburant.\n\nGarde les composants moteurs fluides et r\u00e9actifs.<\/p><\/div><\/div>\t\t\t\t<\/div>\n\t\t\t\t<\/div>\n\t\t\t\t\t<\/div>\n\t\t<\/div>\n\t\t\t\t<div class=\"elementor-column elementor-col-20 elementor-top-column elementor-element elementor-element-9f6349f elementor-invisible\" data-id=\"9f6349f\" data-element_type=\"column\" data-settings=\"{&quot;background_background&quot;:&quot;classic&quot;,&quot;animation&quot;:&quot;fadeInUp&quot;,&quot;animation_delay&quot;:500}\">\n\t\t\t<div class=\"elementor-widget-wrap elementor-element-populated\">\n\t\t\t\t\t\t<div class=\"elementor-element elementor-element-b32ea59 elementor-position-top elementor-widget elementor-widget-image-box\" data-id=\"b32ea59\" data-element_type=\"widget\" data-widget_type=\"image-box.default\">\n\t\t\t\t<div class=\"elementor-widget-container\">\n\t\t\t\t\t<div class=\"elementor-image-box-wrapper\"><figure class=\"elementor-image-box-img\"><img decoding=\"async\" width=\"629\" height=\"408\" src=\"https:\/\/gofastoil.com\/wp-content\/uploads\/2025\/10\/GoFast-JPG-200Ko.jpg\" class=\"attachment-full size-full wp-image-1783\" alt=\"\" srcset=\"https:\/\/gofastoil.com\/wp-content\/uploads\/2025\/10\/GoFast-JPG-200Ko.jpg 629w, https:\/\/gofastoil.com\/wp-content\/uploads\/2025\/10\/GoFast-JPG-200Ko-300x195.jpg 300w, https:\/\/gofastoil.com\/wp-content\/uploads\/2025\/10\/GoFast-JPG-200Ko-18x12.jpg 18w, https:\/\/gofastoil.com\/wp-content\/uploads\/2025\/10\/GoFast-JPG-200Ko-600x389.jpg 600w\" sizes=\"(max-width: 629px) 100vw, 629px\" \/><\/figure><div class=\"elementor-image-box-content\"><h3 class=\"elementor-image-box-title\">Durabilit\u00e9 &amp; Long\u00e9vit\u00e9<\/h3><p class=\"elementor-image-box-description\">Prolonge la dur\u00e9e de vie du moteur, m\u00eame en conditions s\u00e9v\u00e8res.\n\nPermet d\u2019allonger les intervalles de vidange (si le constructeur l\u2019autorise).<\/p><\/div><\/div>\t\t\t\t<\/div>\n\t\t\t\t<\/div>\n\t\t\t\t\t<\/div>\n\t\t<\/div>\n\t\t\t\t\t<\/div>\n\t\t<\/section>\n\t\t<div class=\"elementor-element elementor-element-f6ca2ec e-flex e-con-boxed wpr-particle-no wpr-jarallax-no wpr-parallax-no wpr-sticky-section-no e-con e-parent\" data-id=\"f6ca2ec\" data-element_type=\"container\">\n\t\t\t\t\t<div class=\"e-con-inner\">\n\t\t\t\t<div class=\"elementor-element elementor-element-ba1007f elementor-widget elementor-widget-spacer\" data-id=\"ba1007f\" data-element_type=\"widget\" data-widget_type=\"spacer.default\">\n\t\t\t\t<div class=\"elementor-widget-container\">\n\t\t\t\t\t\t\t<div class=\"elementor-spacer\">\n\t\t\t<div class=\"elementor-spacer-inner\"><\/div>\n\t\t<\/div>\n\t\t\t\t\t\t<\/div>\n\t\t\t\t<\/div>\n\t\t\t\t\t<\/div>\n\t\t\t\t<\/div>\n\t\t\t\t<\/div>","protected":false},"excerpt":{"rendered":"<p>TECHNOLOGIE PROTECT+ Protect+ est une technologie avanc\u00e9e d\u00e9velopp\u00e9e pour offrir une protection maximale aux moteurs modernes. Gr\u00e2ce \u00e0 une formulation innovante, elle r\u00e9duit l\u2019usure, am\u00e9liore la performance et prolonge la dur\u00e9e de vie des moteurs, m\u00eame dans les conditions les plus extr\u00eames. Film Protecteur Intelligent Cr\u00e9e un film mol\u00e9culaire qui r\u00e9duit le contact m\u00e9tal-m\u00e9tal. Diminue l\u2019usure jusqu\u2019\u00e0 30 %, m\u00eame au d\u00e9marrage \u00e0 froid. R\u00e9sistance Thermique Stabilit\u00e9 de l\u2019huile de -35\u00b0C \u00e0 +250\u00b0C. Prot\u00e8ge le moteur contre oxydation et d\u00e9gradation. Antioxydants &#038; D\u00e9tergents Lutte contre la formation de boues et d\u00e9p\u00f4ts. Maintient le moteur propre et performant. Performance &#038; Efficacit\u00e9 R\u00e9duit la consommation d\u2019huile et le carburant. Garde les composants moteurs fluides et r\u00e9actifs. Durabilit\u00e9 &#038; Long\u00e9vit\u00e9 Prolonge la dur\u00e9e de vie du moteur, m\u00eame en conditions s\u00e9v\u00e8res. Permet d\u2019allonger les intervalles de vidange (si le constructeur l\u2019autorise).<\/p>","protected":false},"author":1,"featured_media":0,"parent":0,"menu_order":0,"comment_status":"closed","ping_status":"closed","template":"","meta":{"footnotes":""},"class_list":["post-1187","page","type-page","status-publish","hentry"],"_links":{"self":[{"href":"https:\/\/gofastoil.com\/en\/wp-json\/wp\/v2\/pages\/1187","targetHints":{"allow":["GET"]}}],"collection":[{"href":"https:\/\/gofastoil.com\/en\/wp-json\/wp\/v2\/pages"}],"about":[{"href":"https:\/\/gofastoil.com\/en\/wp-json\/wp\/v2\/types\/page"}],"author":[{"embeddable":true,"href":"https:\/\/gofastoil.com\/en\/wp-json\/wp\/v2\/users\/1"}],"replies":[{"embeddable":true,"href":"https:\/\/gofastoil.com\/en\/wp-json\/wp\/v2\/comments?post=1187"}],"version-history":[{"count":52,"href":"https:\/\/gofastoil.com\/en\/wp-json\/wp\/v2\/pages\/1187\/revisions"}],"predecessor-version":[{"id":1786,"href":"https:\/\/gofastoil.com\/en\/wp-json\/wp\/v2\/pages\/1187\/revisions\/1786"}],"wp:attachment":[{"href":"https:\/\/gofastoil.com\/en\/wp-json\/wp\/v2\/media?parent=1187"}],"curies":[{"name":"wp","href":"https:\/\/api.w.org\/{rel}","templated":true}]}}