{"id":1281,"date":"2025-02-21T08:58:09","date_gmt":"2025-02-21T08:58:09","guid":{"rendered":"https:\/\/gofastoil.com\/?post_type=product&#038;p=1281"},"modified":"2025-03-28T16:35:53","modified_gmt":"2025-03-28T16:35:53","slug":"5w30-premium-select-5700-cv","status":"publish","type":"product","link":"https:\/\/gofastoil.com\/en\/product\/5w30-premium-select-5700-cv\/","title":{"rendered":"5w30 PREMIUM SELECT 5700 CV"},"content":{"rendered":"<p data-start=\"421\" data-end=\"459\">\u2705 <strong data-start=\"423\" data-end=\"455\">Caract\u00e9ristiques &amp; Avantages<\/strong> :<\/p>\n<ul data-start=\"463\" data-end=\"866\">\n<li data-start=\"796\" data-end=\"866\"><strong data-start=\"1627\" data-end=\"1672\">R\u00e9duction de la consommation de carburant<\/strong> gr\u00e2ce \u00e0 une faible viscosit\u00e9 dynamique.<\/li>\n<li data-start=\"796\" data-end=\"866\"><strong data-start=\"1717\" data-end=\"1751\">Protection renforc\u00e9e du moteur<\/strong> contre l\u2019usure et l\u2019oxydation.<\/li>\n<li data-start=\"796\" data-end=\"866\"><strong data-start=\"1787\" data-end=\"1832\">Long\u00e9vit\u00e9 des syst\u00e8mes de post-traitement<\/strong> gr\u00e2ce \u00e0 la technologie Low SAPS.<\/li>\n<li data-start=\"796\" data-end=\"866\"><strong data-start=\"1870\" data-end=\"1901\">Excellente fluidit\u00e9 \u00e0 froid<\/strong>, facilitant les d\u00e9marrages en conditions hivernales.<\/li>\n<li data-start=\"796\" data-end=\"866\"><strong data-start=\"1959\" data-end=\"2010\">Stabilit\u00e9 thermique et r\u00e9sistance \u00e0 l\u2019oxydation<\/strong>, assurant une dur\u00e9e de vie prolong\u00e9e de l\u2019huile.<\/li>\n<\/ul>\n<p data-start=\"868\" data-end=\"890\">\u2705 <strong data-start=\"870\" data-end=\"886\">Applications<\/strong> :<\/p>\n<ul>\n<li data-start=\"0\" data-end=\"115\"><strong data-start=\"2\" data-end=\"51\" data-is-only-node=\"\">Compatible avec les moteurs essence et diesel<\/strong> \u00e9quip\u00e9s de syst\u00e8mes de post-traitement des gaz d\u2019\u00e9chappement.<\/li>\n<li data-start=\"116\" data-end=\"262\"><strong data-start=\"118\" data-end=\"185\" data-is-only-node=\"\">Recommand\u00e9e pour les moteurs conformes aux normes ACEA C2 et C3<\/strong>, garantissant un bon \u00e9quilibre entre performance et \u00e9conomie de carburant.<\/li>\n<li data-start=\"263\" data-end=\"408\"><strong data-start=\"265\" data-end=\"347\" data-is-only-node=\"\">Id\u00e9ale pour les v\u00e9hicules \u00e9quip\u00e9s de filtres \u00e0 particules (FAP) et catalyseurs<\/strong>, limitant l&rsquo;encrassement et prolongeant leur dur\u00e9e de vie.<\/li>\n<li data-start=\"409\" data-end=\"590\"><strong data-start=\"411\" data-end=\"525\" data-is-only-node=\"\">Convient aux moteurs de marques comme Renault, Peugeot, Citro\u00ebn, Volkswagen, BMW, Mercedes, Opel, Fiat et Ford<\/strong>, n\u00e9cessitant une huile faible en cendres sulfat\u00e9es (Low SAPS).<\/li>\n<li data-start=\"591\" data-end=\"724\"><strong data-start=\"593\" data-end=\"649\" data-is-only-node=\"\">Optimale pour les moteurs turbo et injection directe<\/strong>, offrant une protection accrue contre l\u2019usure et la formation de d\u00e9p\u00f4ts.<\/li>\n<li data-start=\"725\" data-end=\"862\"><strong data-start=\"727\" data-end=\"797\" data-is-only-node=\"\">Recommand\u00e9e pour une utilisation en conditions de conduite vari\u00e9es<\/strong>, que ce soit en ville, sur autoroute ou en conduite intensive.<\/li>\n<li data-start=\"863\" data-end=\"978\"><strong data-start=\"865\" data-end=\"900\" data-is-only-node=\"\">R\u00e9duit les \u00e9missions polluantes<\/strong> en optimisant la combustion et en limitant la formation de d\u00e9p\u00f4ts internes.<\/li>\n<li data-start=\"979\" data-end=\"1092\"><strong data-start=\"981\" data-end=\"1037\" data-is-only-node=\"\">Compatible avec les intervalles de vidange prolong\u00e9s<\/strong>, conform\u00e9ment aux recommandations des constructeurs.<\/li>\n<li data-start=\"1093\" data-end=\"1222\"><strong data-start=\"1095\" data-end=\"1165\" data-is-only-node=\"\">Am\u00e9liore la protection contre l&rsquo;oxydation et la formation de boues<\/strong>, garantissant la propret\u00e9 du moteur sur le long terme.<\/li>\n<li data-start=\"1223\" data-end=\"1382\" data-is-last-node=\"\"><strong data-start=\"1225\" data-end=\"1331\" data-is-only-node=\"\">Particuli\u00e8rement adapt\u00e9e aux moteurs modernes respectant les normes environnementales Euro 5 et Euro 6<\/strong>, n\u00e9cessitant une huile \u00e0 faible taux de cendres.<\/li>\n<\/ul>\n<p data-start=\"1100\" data-end=\"1135\">\u2705 <strong data-start=\"1102\" data-end=\"1131\">Donn\u00e9es Physico-Chimiques<\/strong> :<\/p>\n<ul>\n<li data-start=\"1353\" data-end=\"1389\"><strong data-start=\"1355\" data-end=\"1375\">Viscosit\u00e9 \u00e0 40\u00b0C<\/strong> : ~70 mm\u00b2\/s<\/li>\n<li data-start=\"1390\" data-end=\"1427\"><strong data-start=\"1392\" data-end=\"1413\">Viscosit\u00e9 \u00e0 100\u00b0C<\/strong> : ~12 mm\u00b2\/s<\/li>\n<li data-start=\"1428\" data-end=\"1463\"><strong data-start=\"1430\" data-end=\"1453\">Indice de viscosit\u00e9<\/strong> : ~170+<\/li>\n<li data-start=\"1464\" data-end=\"1499\"><strong data-start=\"1466\" data-end=\"1488\">Point d\u2019\u00e9coulement<\/strong> : ~-39\u00b0C<\/li>\n<li data-start=\"1500\" data-end=\"1531\"><strong data-start=\"1502\" data-end=\"1520\">Point d\u2019\u00e9clair<\/strong> : ~220\u00b0C<\/li>\n<li data-start=\"1532\" data-end=\"1582\"><strong data-start=\"1534\" data-end=\"1565\">TBN (Indice de Base Totale)<\/strong> : ~7,8 mgKOH\/g<\/li>\n<\/ul>\n<p data-start=\"1510\" data-end=\"1548\">\u2705 <strong data-start=\"1512\" data-end=\"1544\">Conditionnements Disponibles<\/strong> :<\/p>\n<ul data-start=\"1552\" data-end=\"1578\">\n<li data-start=\"1552\" data-end=\"1578\">1L : GF200325<\/li>\n<li data-start=\"1552\" data-end=\"1578\">5L : GF200062<\/li>\n<li data-start=\"1552\" data-end=\"1578\">20L<\/li>\n<li data-start=\"1552\" data-end=\"1578\">60L<\/li>\n<li data-start=\"1552\" data-end=\"1578\">208L<\/li>\n<\/ul>","protected":false},"excerpt":{"rendered":"<h3 data-start=\"77\" data-end=\"135\"><strong data-start=\"81\" data-end=\"133\">5w30 \u2013 Huile Moteur FULL SYNTHETIC<\/strong><\/h3>\n<p data-start=\"177\" data-end=\"206\">\u2705 <strong data-start=\"179\" data-end=\"192\">Viscosit\u00e9<\/strong> : SAE 5w30<\/p>\n<p data-start=\"208\" data-end=\"240\">\u2705 <strong data-start=\"210\" data-end=\"236\">Normes &amp; Homologations<\/strong> :<\/p>\n<ul data-start=\"244\" data-end=\"431\">\n<li data-start=\"244\" data-end=\"263\"><strong data-start=\"246\" data-end=\"253\">API<\/strong> : SN\/CF<\/li>\n<li data-start=\"267\" data-end=\"287\"><strong data-start=\"269\" data-end=\"277\">ACEA<\/strong> : C2\/C3<\/li>\n<li data-start=\"291\" data-end=\"431\"><strong data-start=\"293\" data-end=\"310\">Constructeurs<\/strong> :\n<ul data-start=\"320\" data-end=\"431\">\n<li data-start=\"320\" data-end=\"336\"><strong data-start=\"322\" data-end=\"334\">GM Dexos2<\/strong><\/li>\n<li data-start=\"320\" data-end=\"336\"><strong>PSA<\/strong> B71 2290<\/li>\n<li data-start=\"320\" data-end=\"336\"><strong>BMW <\/strong>Longlife-04<\/li>\n<li data-start=\"320\" data-end=\"336\"><strong>MB<\/strong> 229.52<\/li>\n<li data-start=\"320\" data-end=\"336\"><strong>FIAT<\/strong> 9.55535-S1 \/ 9.55535-S2<\/li>\n<li data-start=\"320\" data-end=\"336\"><strong>VW<\/strong> 502.00 \/ 505.00 \/ 505.01<\/li>\n<\/ul>\n<\/li>\n<\/ul>","protected":false},"featured_media":1282,"comment_status":"open","ping_status":"closed","template":"","meta":[],"product_brand":[],"product_cat":[26],"product_tag":[],"class_list":{"0":"post-1281","1":"product","2":"type-product","3":"status-publish","4":"has-post-thumbnail","6":"product_cat-huiles-moteur","8":"first","9":"instock","10":"shipping-taxable","11":"product-type-simple"},"_links":{"self":[{"href":"https:\/\/gofastoil.com\/en\/wp-json\/wp\/v2\/product\/1281","targetHints":{"allow":["GET"]}}],"collection":[{"href":"https:\/\/gofastoil.com\/en\/wp-json\/wp\/v2\/product"}],"about":[{"href":"https:\/\/gofastoil.com\/en\/wp-json\/wp\/v2\/types\/product"}],"replies":[{"embeddable":true,"href":"https:\/\/gofastoil.com\/en\/wp-json\/wp\/v2\/comments?post=1281"}],"wp:featuredmedia":[{"embeddable":true,"href":"https:\/\/gofastoil.com\/en\/wp-json\/wp\/v2\/media\/1282"}],"wp:attachment":[{"href":"https:\/\/gofastoil.com\/en\/wp-json\/wp\/v2\/media?parent=1281"}],"wp:term":[{"taxonomy":"product_brand","embeddable":true,"href":"https:\/\/gofastoil.com\/en\/wp-json\/wp\/v2\/product_brand?post=1281"},{"taxonomy":"product_cat","embeddable":true,"href":"https:\/\/gofastoil.com\/en\/wp-json\/wp\/v2\/product_cat?post=1281"},{"taxonomy":"product_tag","embeddable":true,"href":"https:\/\/gofastoil.com\/en\/wp-json\/wp\/v2\/product_tag?post=1281"}],"curies":[{"name":"wp","href":"https:\/\/api.w.org\/{rel}","templated":true}]}}