{"id":1350,"date":"2025-02-24T10:51:27","date_gmt":"2025-02-24T10:51:27","guid":{"rendered":"https:\/\/gofastoil.com\/?post_type=product&#038;p=1350"},"modified":"2025-10-08T09:08:17","modified_gmt":"2025-10-08T09:08:17","slug":"75w90-gearmax-3000-vm","status":"publish","type":"product","link":"https:\/\/gofastoil.com\/en\/product\/75w90-gearmax-3000-vm\/","title":{"rendered":"75w90 GEARMAX 3000 VM"},"content":{"rendered":"<p data-start=\"421\" data-end=\"459\">\u2705 <strong data-start=\"423\" data-end=\"455\">Caract\u00e9ristiques &amp; Avantages<\/strong> :<\/p>\n<ul>\n<li data-start=\"1452\" data-end=\"1558\"><strong data-start=\"1454\" data-end=\"1511\">Excellente protection contre l\u2019usure et le frottement<\/strong>, prolongeant la dur\u00e9e de vie des composants.<\/li>\n<li data-start=\"1559\" data-end=\"1660\"><strong data-start=\"1561\" data-end=\"1609\">R\u00e9sistance thermique et \u00e0 l\u2019oxydation \u00e9lev\u00e9e<\/strong>, emp\u00eachant la d\u00e9gradation pr\u00e9matur\u00e9e de l\u2019huile.<\/li>\n<li data-start=\"1661\" data-end=\"1755\"><strong data-start=\"1663\" data-end=\"1692\">Stabilit\u00e9 au cisaillement<\/strong>, maintenant une viscosit\u00e9 optimale m\u00eame sous charge extr\u00eame.<\/li>\n<li data-start=\"1756\" data-end=\"1877\"><strong data-start=\"1758\" data-end=\"1833\">Grande compatibilit\u00e9 avec les bo\u00eetes synchronis\u00e9es et non synchronis\u00e9es<\/strong>, assurant un passage des vitesses fluide.<\/li>\n<li data-start=\"1878\" data-end=\"1981\"><strong data-start=\"1880\" data-end=\"1946\">Haute protection contre la corrosion et la formation de d\u00e9p\u00f4ts<\/strong>, gardant les composants propres.<\/li>\n<li data-start=\"1982\" data-end=\"2080\"><strong data-start=\"1984\" data-end=\"2042\">R\u00e9duction des bruits de transmission et des vibrations<\/strong>, am\u00e9liorant le confort de conduite.<\/li>\n<li data-start=\"2081\" data-end=\"2181\"><strong data-start=\"2083\" data-end=\"2131\">Adapt\u00e9e aux intervalles de vidange prolong\u00e9s<\/strong>, suivant les recommandations des constructeurs.<\/li>\n<\/ul>\n<p data-start=\"868\" data-end=\"890\">\u2705 <strong data-start=\"870\" data-end=\"886\">Applications<\/strong> :<\/p>\n<ul>\n<li data-start=\"2215\" data-end=\"2317\"><strong data-start=\"2217\" data-end=\"2315\">Recommand\u00e9e pour les bo\u00eetes de vitesses manuelles, ponts et diff\u00e9rentiels \u00e0 glissement limit\u00e9.<\/strong><\/li>\n<li data-start=\"2318\" data-end=\"2395\"><strong data-start=\"2320\" data-end=\"2393\">Id\u00e9ale pour les transmissions n\u00e9cessitant une huile API GL-4 ou GL-5.<\/strong><\/li>\n<li data-start=\"2396\" data-end=\"2468\"><strong data-start=\"2398\" data-end=\"2466\">Convient aux v\u00e9hicules de tourisme, utilitaires et poids lourds.<\/strong><\/li>\n<li data-start=\"2469\" data-end=\"2575\"><strong data-start=\"2471\" data-end=\"2524\">Parfaite pour les conditions de conduite extr\u00eames<\/strong>, fortes charges, temp\u00e9ratures \u00e9lev\u00e9es ou basses.<\/li>\n<li data-start=\"2576\" data-end=\"2713\"><strong data-start=\"2578\" data-end=\"2634\">Compatible avec les transmissions de grandes marques<\/strong>, telles que Volkswagen, BMW, Mercedes-Benz, Porsche, Ford et General Motors.<\/li>\n<\/ul>\n<p data-start=\"1100\" data-end=\"1135\">\u2705 <strong data-start=\"1102\" data-end=\"1131\">Donn\u00e9es Physico-Chimiques<\/strong> :<\/p>\n<ul>\n<li data-start=\"1223\" data-end=\"1260\"><strong data-start=\"1225\" data-end=\"1245\">Viscosit\u00e9 \u00e0 40\u00b0C<\/strong> : ~100 mm\u00b2\/s<\/li>\n<li data-start=\"1261\" data-end=\"1298\"><strong data-start=\"1263\" data-end=\"1284\">Viscosit\u00e9 \u00e0 100\u00b0C<\/strong> : ~15 mm\u00b2\/s<\/li>\n<li data-start=\"1299\" data-end=\"1333\"><strong data-start=\"1301\" data-end=\"1324\">Indice de viscosit\u00e9<\/strong> : ~150<\/li>\n<li data-start=\"1334\" data-end=\"1369\"><strong data-start=\"1336\" data-end=\"1358\">Point d\u2019\u00e9coulement<\/strong> : ~-45\u00b0C<\/li>\n<li data-start=\"1370\" data-end=\"1401\"><strong data-start=\"1372\" data-end=\"1390\">Point d\u2019\u00e9clair<\/strong> : ~210\u00b0C<\/li>\n<\/ul>\n<p data-start=\"1510\" data-end=\"1548\">\u2705 <strong data-start=\"1512\" data-end=\"1544\">Conditionnements Disponibles<\/strong> :<\/p>\n<ul data-start=\"1552\" data-end=\"1578\">\n<li data-start=\"1552\" data-end=\"1578\">1L : GF260009<\/li>\n<li data-start=\"1552\" data-end=\"1578\">5L :<\/li>\n<li data-start=\"1552\" data-end=\"1578\">20L<\/li>\n<li data-start=\"1552\" data-end=\"1578\">60L<\/li>\n<li data-start=\"1552\" data-end=\"1578\">208L<\/li>\n<\/ul>","protected":false},"excerpt":{"rendered":"<h3 data-start=\"77\" data-end=\"135\"><strong data-start=\"81\" data-end=\"133\">75W90 \u2013 Huile Transmission FULL SYNTHETIC<\/strong><\/h3>\n<p data-start=\"777\" data-end=\"809\">\u2705 <strong data-start=\"779\" data-end=\"805\">Normes internationales<\/strong> :<\/p>\n<ul data-start=\"810\" data-end=\"881\">\n<li data-start=\"810\" data-end=\"835\"><strong data-start=\"812\" data-end=\"819\">API<\/strong> : GL-4 \/ GL-5<\/li>\n<li data-start=\"836\" data-end=\"861\"><strong data-start=\"838\" data-end=\"845\">MIL<\/strong> : MIL-L-2105D<\/li>\n<li data-start=\"862\" data-end=\"881\"><strong data-start=\"864\" data-end=\"871\">SAE<\/strong> : 75W90<\/li>\n<\/ul>\n<p data-start=\"208\" data-end=\"240\">\u2705 <strong data-start=\"210\" data-end=\"236\">Normes &amp; Homologations<\/strong> :<\/p>\n<ul data-start=\"244\" data-end=\"431\">\n<li data-start=\"291\" data-end=\"431\"><strong data-start=\"293\" data-end=\"310\">Constructeurs<\/strong> :\n<ul data-start=\"320\" data-end=\"431\">\n<li data-start=\"320\" data-end=\"336\"><strong>FORD <\/strong>WSL-M2C192A<\/li>\n<li data-start=\"320\" data-end=\"336\"><strong>MB <\/strong>235.8 235.0<\/li>\n<li data-start=\"320\" data-end=\"336\"><strong>MAN <\/strong>341 Z2 342 S1<\/li>\n<li data-start=\"320\" data-end=\"336\"><strong>VOLVO <\/strong>97312<\/li>\n<li data-start=\"320\" data-end=\"336\"><\/li>\n<\/ul>\n<\/li>\n<\/ul>","protected":false},"featured_media":1351,"comment_status":"open","ping_status":"closed","template":"","meta":[],"product_brand":[],"product_cat":[42],"product_tag":[],"class_list":{"0":"post-1350","1":"product","2":"type-product","3":"status-publish","4":"has-post-thumbnail","6":"product_cat-huiles-de-transmission-manuelle","8":"first","9":"instock","10":"shipping-taxable","11":"product-type-simple"},"_links":{"self":[{"href":"https:\/\/gofastoil.com\/en\/wp-json\/wp\/v2\/product\/1350","targetHints":{"allow":["GET"]}}],"collection":[{"href":"https:\/\/gofastoil.com\/en\/wp-json\/wp\/v2\/product"}],"about":[{"href":"https:\/\/gofastoil.com\/en\/wp-json\/wp\/v2\/types\/product"}],"replies":[{"embeddable":true,"href":"https:\/\/gofastoil.com\/en\/wp-json\/wp\/v2\/comments?post=1350"}],"wp:featuredmedia":[{"embeddable":true,"href":"https:\/\/gofastoil.com\/en\/wp-json\/wp\/v2\/media\/1351"}],"wp:attachment":[{"href":"https:\/\/gofastoil.com\/en\/wp-json\/wp\/v2\/media?parent=1350"}],"wp:term":[{"taxonomy":"product_brand","embeddable":true,"href":"https:\/\/gofastoil.com\/en\/wp-json\/wp\/v2\/product_brand?post=1350"},{"taxonomy":"product_cat","embeddable":true,"href":"https:\/\/gofastoil.com\/en\/wp-json\/wp\/v2\/product_cat?post=1350"},{"taxonomy":"product_tag","embeddable":true,"href":"https:\/\/gofastoil.com\/en\/wp-json\/wp\/v2\/product_tag?post=1350"}],"curies":[{"name":"wp","href":"https:\/\/api.w.org\/{rel}","templated":true}]}}