{"id":1353,"date":"2025-02-24T15:49:59","date_gmt":"2025-02-24T15:49:59","guid":{"rendered":"https:\/\/gofastoil.com\/?post_type=product&#038;p=1353"},"modified":"2025-03-27T14:51:58","modified_gmt":"2025-03-27T14:51:58","slug":"5w30-pro-select-5700-av","status":"publish","type":"product","link":"https:\/\/gofastoil.com\/en\/product\/5w30-pro-select-5700-av\/","title":{"rendered":"5W30 PRO SELECT 5700 AV"},"content":{"rendered":"<p data-start=\"421\" data-end=\"459\">\u2705 <strong data-start=\"423\" data-end=\"455\">Caract\u00e9ristiques &amp; Avantages<\/strong> :<\/p>\n<ul>\n<li data-start=\"1375\" data-end=\"1459\"><strong data-start=\"1377\" data-end=\"1417\">Excellente protection contre l\u2019usure<\/strong>, prolongeant la dur\u00e9e de vie du moteur.<\/li>\n<li data-start=\"1460\" data-end=\"1548\"><strong data-start=\"1462\" data-end=\"1493\">R\u00e9sistance thermique \u00e9lev\u00e9e<\/strong>, maintenant ses propri\u00e9t\u00e9s m\u00eame \u00e0 haute temp\u00e9rature.<\/li>\n<li data-start=\"1549\" data-end=\"1631\"><strong data-start=\"1551\" data-end=\"1587\">R\u00e9duction des frictions internes<\/strong>, optimisant la consommation de carburant.<\/li>\n<li data-start=\"1632\" data-end=\"1738\"><strong data-start=\"1634\" data-end=\"1699\">Protection avanc\u00e9e contre les d\u00e9p\u00f4ts et la formation de boues<\/strong>, garantissant un moteur plus propre.<\/li>\n<li data-start=\"1739\" data-end=\"1822\"><strong data-start=\"1741\" data-end=\"1772\">Excellente fluidit\u00e9 \u00e0 froid<\/strong>, facilitant les d\u00e9marrages \u00e0 basse temp\u00e9rature.<\/li>\n<li data-start=\"1977\" data-end=\"2063\"><strong data-start=\"1979\" data-end=\"2015\">Intervalles de vidange prolong\u00e9s<\/strong>, selon les recommandations des constructeurs.<\/li>\n<\/ul>\n<p data-start=\"868\" data-end=\"890\">\u2705 <strong data-start=\"870\" data-end=\"886\">Applications<\/strong> :<\/p>\n<ul>\n<li data-start=\"2097\" data-end=\"2177\"><strong data-start=\"2099\" data-end=\"2141\">Convient aux moteurs essence et diesel<\/strong> n\u00e9cessitant une huile ACEA A3\/B4.<\/li>\n<li data-start=\"2178\" data-end=\"2274\"><strong data-start=\"2180\" data-end=\"2272\">Recommand\u00e9e pour les v\u00e9hicules de marques BMW, Mercedes, Volkswagen, Renault et Porsche.<\/strong><\/li>\n<li data-start=\"2275\" data-end=\"2392\"><strong data-start=\"2277\" data-end=\"2324\">Id\u00e9ale pour les moteurs \u00e0 injection directe<\/strong>, n\u00e9cessitant une huile performante et r\u00e9sistante au cisaillement.<\/li>\n<li data-start=\"2393\" data-end=\"2546\"><strong data-start=\"2395\" data-end=\"2462\">Compatible avec les v\u00e9hicules de tourisme et utilitaires l\u00e9gers<\/strong>, offrant une protection optimale sur les longs trajets et en conditions urbaines.<\/li>\n<li data-start=\"2547\" data-end=\"2642\"><strong data-start=\"2549\" data-end=\"2603\">Optimale pour les moteurs Euro 4, Euro 5 et Euro 6<\/strong>, r\u00e9duisant les \u00e9missions polluantes.<\/li>\n<\/ul>\n<p data-start=\"1100\" data-end=\"1135\">\u2705 <strong data-start=\"1102\" data-end=\"1131\">Donn\u00e9es Physico-Chimiques<\/strong> :<\/p>\n<ul>\n<li data-start=\"1097\" data-end=\"1133\"><strong data-start=\"1099\" data-end=\"1119\">Viscosit\u00e9 \u00e0 40\u00b0C<\/strong> : ~72 mm\u00b2\/s<\/li>\n<li data-start=\"1134\" data-end=\"1171\"><strong data-start=\"1136\" data-end=\"1157\">Viscosit\u00e9 \u00e0 100\u00b0C<\/strong> : ~12 mm\u00b2\/s<\/li>\n<li data-start=\"1172\" data-end=\"1206\"><strong data-start=\"1174\" data-end=\"1197\">Indice de viscosit\u00e9<\/strong> : ~160<\/li>\n<li data-start=\"1207\" data-end=\"1242\"><strong data-start=\"1209\" data-end=\"1231\">Point d\u2019\u00e9coulement<\/strong> : ~-39\u00b0C<\/li>\n<li data-start=\"1243\" data-end=\"1274\"><strong data-start=\"1245\" data-end=\"1263\">Point d\u2019\u00e9clair<\/strong> : ~230\u00b0C<\/li>\n<li data-start=\"1275\" data-end=\"1324\"><strong data-start=\"1277\" data-end=\"1308\">TBN (Indice de Base Totale)<\/strong> : ~10 mgKOH\/g<\/li>\n<li data-start=\"1175\" data-end=\"1211\"><\/li>\n<\/ul>\n<p data-start=\"1510\" data-end=\"1548\">\u2705 <strong data-start=\"1512\" data-end=\"1544\">Conditionnements Disponibles<\/strong> :<\/p>\n<ul data-start=\"1552\" data-end=\"1578\">\n<li data-start=\"1552\" data-end=\"1578\">1L : GF200710<\/li>\n<li data-start=\"1552\" data-end=\"1578\">5L : GF200136<\/li>\n<li data-start=\"1552\" data-end=\"1578\">20L<\/li>\n<li data-start=\"1552\" data-end=\"1578\">60L<\/li>\n<li data-start=\"1552\" data-end=\"1578\">208L<\/li>\n<\/ul>","protected":false},"excerpt":{"rendered":"<h3 data-start=\"77\" data-end=\"135\"><strong data-start=\"81\" data-end=\"133\">5W30 \u2013 Huile Moteur FULL SYNTHETIC<\/strong><\/h3>\n<p data-start=\"177\" data-end=\"206\">\u2705 <strong data-start=\"179\" data-end=\"192\">Viscosit\u00e9<\/strong> : SAE 5w30<\/p>\n<p data-start=\"208\" data-end=\"240\">\u2705 <strong data-start=\"210\" data-end=\"236\">Normes &amp; Homologations<\/strong> :<\/p>\n<ul data-start=\"244\" data-end=\"431\">\n<li data-start=\"267\" data-end=\"287\"><strong data-start=\"269\" data-end=\"277\">ACEA<\/strong> : A3\/B4<\/li>\n<li data-start=\"267\" data-end=\"287\"><strong>API<\/strong> : SL\/CF<\/li>\n<li data-start=\"291\" data-end=\"431\"><strong data-start=\"293\" data-end=\"310\">Constructeurs<\/strong> :\n<ul data-start=\"320\" data-end=\"431\">\n<li data-start=\"320\" data-end=\"336\"><strong>MB <\/strong>229.5<\/li>\n<li data-start=\"320\" data-end=\"336\"><strong>VW <\/strong>502.00\/505.00<\/li>\n<li data-start=\"320\" data-end=\"336\"><strong>OPEL <\/strong>GM-LL-B-025<\/li>\n<li data-start=\"320\" data-end=\"336\"><strong>RENAULT <\/strong>RN0700\/RN0710<\/li>\n<li data-start=\"320\" data-end=\"336\"><strong>BMW <\/strong>Long Life-01<\/li>\n<\/ul>\n<\/li>\n<\/ul>","protected":false},"featured_media":1354,"comment_status":"open","ping_status":"closed","template":"","meta":[],"product_brand":[],"product_cat":[26],"product_tag":[],"class_list":{"0":"post-1353","1":"product","2":"type-product","3":"status-publish","4":"has-post-thumbnail","6":"product_cat-huiles-moteur","8":"first","9":"instock","10":"shipping-taxable","11":"product-type-simple"},"_links":{"self":[{"href":"https:\/\/gofastoil.com\/en\/wp-json\/wp\/v2\/product\/1353","targetHints":{"allow":["GET"]}}],"collection":[{"href":"https:\/\/gofastoil.com\/en\/wp-json\/wp\/v2\/product"}],"about":[{"href":"https:\/\/gofastoil.com\/en\/wp-json\/wp\/v2\/types\/product"}],"replies":[{"embeddable":true,"href":"https:\/\/gofastoil.com\/en\/wp-json\/wp\/v2\/comments?post=1353"}],"wp:featuredmedia":[{"embeddable":true,"href":"https:\/\/gofastoil.com\/en\/wp-json\/wp\/v2\/media\/1354"}],"wp:attachment":[{"href":"https:\/\/gofastoil.com\/en\/wp-json\/wp\/v2\/media?parent=1353"}],"wp:term":[{"taxonomy":"product_brand","embeddable":true,"href":"https:\/\/gofastoil.com\/en\/wp-json\/wp\/v2\/product_brand?post=1353"},{"taxonomy":"product_cat","embeddable":true,"href":"https:\/\/gofastoil.com\/en\/wp-json\/wp\/v2\/product_cat?post=1353"},{"taxonomy":"product_tag","embeddable":true,"href":"https:\/\/gofastoil.com\/en\/wp-json\/wp\/v2\/product_tag?post=1353"}],"curies":[{"name":"wp","href":"https:\/\/api.w.org\/{rel}","templated":true}]}}