{"id":1574,"date":"2025-03-29T10:17:12","date_gmt":"2025-03-29T10:17:12","guid":{"rendered":"https:\/\/gofastoil.com\/?post_type=product&#038;p=1574"},"modified":"2025-10-08T09:07:43","modified_gmt":"2025-10-08T09:07:43","slug":"dexron-iii-h-multidex-iii-5000va","status":"publish","type":"product","link":"https:\/\/gofastoil.com\/en\/product\/dexron-iii-h-multidex-iii-5000va\/","title":{"rendered":"DEXRON III H MULTIDEX III 5000VA"},"content":{"rendered":"<p data-start=\"421\" data-end=\"459\">\u2705 <strong data-start=\"423\" data-end=\"455\">Caract\u00e9ristiques &amp; Avantages<\/strong> :<\/p>\n<ul>\n<li data-start=\"1143\" data-end=\"1228\"><strong data-start=\"1145\" data-end=\"1190\">Passages de vitesse fluides et silencieux<\/strong>, am\u00e9liorant le confort de conduite.<\/li>\n<li data-start=\"1229\" data-end=\"1334\"><strong data-start=\"1231\" data-end=\"1276\">Protection contre l\u2019usure et la corrosion<\/strong>, prolongeant la dur\u00e9e de vie des composants m\u00e9caniques.<\/li>\n<li data-start=\"1335\" data-end=\"1451\"><strong data-start=\"1337\" data-end=\"1399\">Excellente stabilit\u00e9 thermique et r\u00e9sistance \u00e0 l\u2019oxydation<\/strong>, permettant des intervalles de vidange prolong\u00e9s.<\/li>\n<li data-start=\"1452\" data-end=\"1553\"><strong data-start=\"1454\" data-end=\"1551\">Compatibilit\u00e9 avec une large gamme de transmissions automatiques et de syst\u00e8mes hydrauliques.<\/strong><\/li>\n<\/ul>\n<p data-start=\"868\" data-end=\"890\">\u2705 <strong data-start=\"870\" data-end=\"886\">Applications<\/strong> :<\/p>\n<ul>\n<li data-start=\"1587\" data-end=\"1662\"><strong data-start=\"1589\" data-end=\"1624\">Bo\u00eetes de vitesses automatiques<\/strong> n\u00e9cessitant un fluide DEXRON III H.<\/li>\n<li data-start=\"1663\" data-end=\"1727\"><strong data-start=\"1665\" data-end=\"1689\">Directions assist\u00e9es<\/strong> de v\u00e9hicules l\u00e9gers et utilitaires.<\/li>\n<li data-start=\"1728\" data-end=\"1783\"><strong data-start=\"1730\" data-end=\"1781\">Syst\u00e8mes hydrauliques industriels et agricoles.<\/strong><\/li>\n<li data-start=\"1784\" data-end=\"1877\"><strong data-start=\"1786\" data-end=\"1875\">\u00c9quipements de travaux publics et engins n\u00e9cessitant un fluide ATF haute performance.<\/strong><\/li>\n<\/ul>\n<p data-start=\"1100\" data-end=\"1135\">\u2705 <strong data-start=\"1102\" data-end=\"1131\">Donn\u00e9es Physico-Chimiques<\/strong> :<\/p>\n<ul>\n<li data-start=\"877\" data-end=\"913\"><strong data-start=\"879\" data-end=\"897\">Densit\u00e9 \u00e0 15\u00b0C<\/strong> : ~0.85 g\/cm\u00b3<\/li>\n<li data-start=\"914\" data-end=\"950\"><strong data-start=\"916\" data-end=\"936\">Viscosit\u00e9 \u00e0 40\u00b0C<\/strong> : ~34 mm\u00b2\/s<\/li>\n<li data-start=\"951\" data-end=\"989\"><strong data-start=\"953\" data-end=\"974\">Viscosit\u00e9 \u00e0 100\u00b0C<\/strong> : ~7.4 mm\u00b2\/s<\/li>\n<li data-start=\"990\" data-end=\"1024\"><strong data-start=\"992\" data-end=\"1015\">Indice de viscosit\u00e9<\/strong> : ~180<\/li>\n<li data-start=\"1025\" data-end=\"1060\"><strong data-start=\"1027\" data-end=\"1049\">Point d\u2019\u00e9coulement<\/strong> : ~-45\u00b0C<\/li>\n<li data-start=\"1061\" data-end=\"1092\"><strong data-start=\"1063\" data-end=\"1081\">Point d\u2019\u00e9clair<\/strong> : ~200\u00b0C<\/li>\n<\/ul>\n<p data-start=\"1510\" data-end=\"1548\">\u2705 <strong data-start=\"1512\" data-end=\"1544\">Conditionnements Disponibles<\/strong> :<\/p>\n<ul data-start=\"1552\" data-end=\"1578\">\n<li data-start=\"1552\" data-end=\"1578\">1L : GF250011<\/li>\n<li data-start=\"1552\" data-end=\"1578\">5L :<\/li>\n<li data-start=\"1552\" data-end=\"1578\">20L<\/li>\n<li data-start=\"1552\" data-end=\"1578\">60L<\/li>\n<li data-start=\"1552\" data-end=\"1578\">208L<\/li>\n<\/ul>","protected":false},"excerpt":{"rendered":"<h3 data-start=\"77\" data-end=\"135\"><strong data-start=\"81\" data-end=\"133\">DEXRON III H \u2013 Huile Transmission Auto \/ Direction<\/strong><\/h3>\n<p data-start=\"777\" data-end=\"809\">\u2705 <strong data-start=\"779\" data-end=\"805\">Normes internationales<\/strong> :<\/p>\n<ul data-start=\"810\" data-end=\"881\">\n<li data-start=\"810\" data-end=\"835\">ATF<\/li>\n<\/ul>\n<p data-start=\"208\" data-end=\"240\">\u2705 <strong data-start=\"210\" data-end=\"236\">Normes &amp; Homologations<\/strong> :<\/p>\n<ul data-start=\"244\" data-end=\"431\">\n<li data-start=\"291\" data-end=\"431\"><strong data-start=\"293\" data-end=\"310\">Constructeurs<\/strong> :\n<ul data-start=\"320\" data-end=\"431\">\n<li data-start=\"320\" data-end=\"336\"><strong>MB<\/strong> 236.6 236.9<\/li>\n<li data-start=\"320\" data-end=\"336\"><strong>ALLISON<\/strong> TES 295, TES 389<\/li>\n<li data-start=\"320\" data-end=\"336\"><strong>FORD<\/strong> MERCON V<\/li>\n<li data-start=\"320\" data-end=\"336\"><strong>VOLVO<\/strong> 97341<\/li>\n<li data-start=\"320\" data-end=\"336\"><strong>VOITH<\/strong> 55.6336<\/li>\n<li data-start=\"320\" data-end=\"336\"><strong>MAN<\/strong> 339 V-2 \/ 339 Z-2, Z-11 \/ 339 L-1<\/li>\n<li data-start=\"320\" data-end=\"336\"><strong>ZF<\/strong> TE-ML 03D\/04D\/14B\/17C\/20B\/25B<\/li>\n<\/ul>\n<\/li>\n<\/ul>","protected":false},"featured_media":1575,"comment_status":"open","ping_status":"closed","template":"","meta":[],"product_brand":[],"product_cat":[44],"product_tag":[],"class_list":{"0":"post-1574","1":"product","2":"type-product","3":"status-publish","4":"has-post-thumbnail","6":"product_cat-huiles-de-transmission-automatique","8":"first","9":"instock","10":"shipping-taxable","11":"product-type-simple"},"_links":{"self":[{"href":"https:\/\/gofastoil.com\/en\/wp-json\/wp\/v2\/product\/1574","targetHints":{"allow":["GET"]}}],"collection":[{"href":"https:\/\/gofastoil.com\/en\/wp-json\/wp\/v2\/product"}],"about":[{"href":"https:\/\/gofastoil.com\/en\/wp-json\/wp\/v2\/types\/product"}],"replies":[{"embeddable":true,"href":"https:\/\/gofastoil.com\/en\/wp-json\/wp\/v2\/comments?post=1574"}],"wp:featuredmedia":[{"embeddable":true,"href":"https:\/\/gofastoil.com\/en\/wp-json\/wp\/v2\/media\/1575"}],"wp:attachment":[{"href":"https:\/\/gofastoil.com\/en\/wp-json\/wp\/v2\/media?parent=1574"}],"wp:term":[{"taxonomy":"product_brand","embeddable":true,"href":"https:\/\/gofastoil.com\/en\/wp-json\/wp\/v2\/product_brand?post=1574"},{"taxonomy":"product_cat","embeddable":true,"href":"https:\/\/gofastoil.com\/en\/wp-json\/wp\/v2\/product_cat?post=1574"},{"taxonomy":"product_tag","embeddable":true,"href":"https:\/\/gofastoil.com\/en\/wp-json\/wp\/v2\/product_tag?post=1574"}],"curies":[{"name":"wp","href":"https:\/\/api.w.org\/{rel}","templated":true}]}}