{"id":1603,"date":"2025-05-19T10:08:28","date_gmt":"2025-05-19T10:08:28","guid":{"rendered":"https:\/\/gofastoil.com\/?post_type=product&#038;p=1603"},"modified":"2025-10-08T09:07:26","modified_gmt":"2025-10-08T09:07:26","slug":"z8-8hp-velocitydrive-7000-va","status":"publish","type":"product","link":"https:\/\/gofastoil.com\/en\/product\/z8-8hp-velocitydrive-7000-va\/","title":{"rendered":"Z8 8HP VELOCITYDRIVE 7000 VA"},"content":{"rendered":"<p data-start=\"421\" data-end=\"459\">\u2705 <strong data-start=\"423\" data-end=\"455\">Caract\u00e9ristiques &amp; Avantages<\/strong> :<\/p>\n<ul>\n<li data-start=\"1345\" data-end=\"1421\">\n<p data-start=\"1347\" data-end=\"1421\">\u00a0Adapt\u00e9e \u00e0 tous les syst\u00e8mes ZF 8HP pour un <strong data-start=\"1393\" data-end=\"1419\">fonctionnement optimal<\/strong><\/p>\n<\/li>\n<li data-start=\"1422\" data-end=\"1508\">\n<p data-start=\"1424\" data-end=\"1508\"><strong>\u00a0<\/strong><strong data-start=\"1428\" data-end=\"1458\">Stabilit\u00e9 thermique \u00e9lev\u00e9e<\/strong>, m\u00eame en conduite sportive ou sous forte charge<\/p>\n<\/li>\n<li data-start=\"1509\" data-end=\"1598\">\n<p data-start=\"1511\" data-end=\"1598\">\u00a0<strong data-start=\"1513\" data-end=\"1558\">R\u00e9duction de la consommation de carburant<\/strong> gr\u00e2ce \u00e0 une faible r\u00e9sistance interne<\/p>\n<\/li>\n<li data-start=\"1599\" data-end=\"1675\">\n<p data-start=\"1601\" data-end=\"1675\">\u00a0<strong data-start=\"1605\" data-end=\"1673\">Protection renforc\u00e9e contre l\u2019usure, la corrosion et l\u2019oxydation<\/strong><\/p>\n<\/li>\n<li data-start=\"1676\" data-end=\"1746\">\n<p data-start=\"1678\" data-end=\"1746\">\u00a0<strong data-start=\"1681\" data-end=\"1704\">Longue dur\u00e9e de vie<\/strong>, prolongeant les intervalles de vidange<\/p>\n<\/li>\n<\/ul>\n<p data-start=\"868\" data-end=\"890\">\u2705 <strong data-start=\"870\" data-end=\"886\">Applications<\/strong> :<\/p>\n<ul>\n<li data-start=\"180\" data-end=\"267\">\n<p data-start=\"182\" data-end=\"267\">Con\u00e7ue pour les bo\u00eetes automatiques <strong data-start=\"218\" data-end=\"241\">ZF 8HP \u00e0 8 rapports<\/strong> de derni\u00e8re g\u00e9n\u00e9ration.<\/p>\n<\/li>\n<li data-start=\"268\" data-end=\"368\">\n<p data-start=\"270\" data-end=\"368\">Parfaitement adapt\u00e9e aux v\u00e9hicules <strong data-start=\"305\" data-end=\"312\">BMW<\/strong> \u00e9quip\u00e9s de transmissions 8HP (s\u00e9ries 3 \u00e0 7, X3 \u00e0 X7).<\/p>\n<\/li>\n<li data-start=\"369\" data-end=\"468\">\n<p data-start=\"371\" data-end=\"468\">Compatible avec les mod\u00e8les <strong data-start=\"399\" data-end=\"407\">Audi<\/strong> utilisant les bo\u00eetes automatiques longitudinales type 8HP.<\/p>\n<\/li>\n<li data-start=\"469\" data-end=\"565\">\n<p data-start=\"471\" data-end=\"565\">Recommand\u00e9e pour les <strong data-start=\"492\" data-end=\"502\">Jaguar<\/strong> et <strong data-start=\"506\" data-end=\"520\">Land Rover<\/strong> comme la XF, XJ, Range Rover et Discovery.<\/p>\n<\/li>\n<li data-start=\"566\" data-end=\"666\">\n<p data-start=\"568\" data-end=\"666\">Convient aux <strong data-start=\"581\" data-end=\"606\">Dodge, Jeep, Chrysler<\/strong> \u00e9quip\u00e9s de bo\u00eetes ZF 8HP (Charger, Grand Cherokee, etc.).<\/p>\n<\/li>\n<li data-start=\"667\" data-end=\"757\">\n<p data-start=\"669\" data-end=\"757\">Approuv\u00e9e pour les <strong data-start=\"688\" data-end=\"700\">Maserati<\/strong> Ghibli, Quattroporte avec transmissions ZF 8 rapports.<\/p>\n<\/li>\n<li data-start=\"758\" data-end=\"849\">\n<p data-start=\"760\" data-end=\"849\">Utilisable pour les v\u00e9hicules n\u00e9cessitant une huile conforme \u00e0 <strong data-start=\"823\" data-end=\"846\">ZF LifeguardFluid 8<\/strong>.<\/p>\n<\/li>\n<li data-start=\"850\" data-end=\"954\">\n<p data-start=\"852\" data-end=\"954\">Id\u00e9ale pour les voitures <strong data-start=\"877\" data-end=\"900\">hautes performances<\/strong>, SUV et v\u00e9hicules premium \u00e0 transmission automatique.<\/p>\n<\/li>\n<\/ul>\n<p data-start=\"1100\" data-end=\"1135\">\u2705 <strong data-start=\"1102\" data-end=\"1131\">Donn\u00e9es Physico-Chimiques<\/strong> :<\/p>\n<ul>\n<li data-start=\"1031\" data-end=\"1068\">\n<p data-start=\"1033\" data-end=\"1068\"><strong data-start=\"1033\" data-end=\"1051\">Densit\u00e9 \u00e0 15\u00b0C<\/strong> : ~0.850 g\/cm\u00b3<\/p>\n<\/li>\n<li data-start=\"1069\" data-end=\"1105\">\n<p data-start=\"1071\" data-end=\"1105\"><strong data-start=\"1071\" data-end=\"1091\">Viscosit\u00e9 \u00e0 40\u00b0C<\/strong> : ~29 mm\u00b2\/s<\/p>\n<\/li>\n<li data-start=\"1106\" data-end=\"1142\">\n<p data-start=\"1108\" data-end=\"1142\"><strong data-start=\"1108\" data-end=\"1129\">Viscosit\u00e9 \u00e0 100\u00b0C<\/strong> : ~6 mm\u00b2\/s<\/p>\n<\/li>\n<li data-start=\"1143\" data-end=\"1177\">\n<p data-start=\"1145\" data-end=\"1177\"><strong data-start=\"1145\" data-end=\"1168\">Indice de viscosit\u00e9<\/strong> : ~150<\/p>\n<\/li>\n<li data-start=\"1178\" data-end=\"1213\">\n<p data-start=\"1180\" data-end=\"1213\"><strong data-start=\"1180\" data-end=\"1202\">Point d\u2019\u00e9coulement<\/strong> : ~-51\u00b0C<\/p>\n<\/li>\n<li data-start=\"1214\" data-end=\"1245\">\n<p data-start=\"1216\" data-end=\"1245\"><strong data-start=\"1216\" data-end=\"1234\">Point d\u2019\u00e9clair<\/strong> : ~200\u00b0C<\/p>\n<\/li>\n<li data-start=\"1246\" data-end=\"1297\">\n<p data-start=\"1248\" data-end=\"1297\"><strong data-start=\"1248\" data-end=\"1259\">Couleur<\/strong> : Vert clair ou bleu selon les lots<\/p>\n<\/li>\n<\/ul>\n<p data-start=\"1510\" data-end=\"1548\">\u2705 <strong data-start=\"1512\" data-end=\"1544\">Conditionnements Disponibles<\/strong> :<\/p>\n<ul data-start=\"1552\" data-end=\"1578\">\n<li data-start=\"1552\" data-end=\"1578\">1L : GF250174<\/li>\n<li data-start=\"1552\" data-end=\"1578\">5L :<\/li>\n<li data-start=\"1552\" data-end=\"1578\">20L<\/li>\n<li data-start=\"1552\" data-end=\"1578\">60L<\/li>\n<li data-start=\"1552\" data-end=\"1578\">208L<\/li>\n<\/ul>","protected":false},"excerpt":{"rendered":"<h3 data-start=\"77\" data-end=\"135\"><strong data-start=\"81\" data-end=\"133\">Z8 8HP \u2013 Huile Transmission FULL SYNTHETIC<\/strong><\/h3>\n<p data-start=\"777\" data-end=\"809\">\u2705 <strong data-start=\"779\" data-end=\"805\">Normes internationales<\/strong> :<\/p>\n<ul data-start=\"810\" data-end=\"881\">\n<li data-start=\"810\" data-end=\"835\">ATF<\/li>\n<\/ul>\n<p data-start=\"208\" data-end=\"240\">\u2705 <strong data-start=\"210\" data-end=\"236\">Normes &amp; Homologations<\/strong> :<\/p>\n<ul data-start=\"244\" data-end=\"431\">\n<li data-start=\"291\" data-end=\"431\"><strong data-start=\"293\" data-end=\"310\">Constructeurs<\/strong> :\n<ul data-start=\"320\" data-end=\"431\">\n<li data-start=\"320\" data-end=\"336\"><strong>ZF<\/strong> LIFGUARD FLUID 8HP<\/li>\n<li data-start=\"320\" data-end=\"336\"><strong>JAGUAR<\/strong> 02JDE26444<\/li>\n<li data-start=\"320\" data-end=\"336\"><strong>FIAT<\/strong> 9.55550AV5<\/li>\n<li data-start=\"320\" data-end=\"336\"><strong>VW<\/strong> G060162 A1\/A2\/A6<\/li>\n<li data-start=\"320\" data-end=\"336\"><strong>BMW<\/strong> 83222152426 \/ 83222305397<\/li>\n<li data-start=\"320\" data-end=\"336\"><strong>CHRYSLER<\/strong> 68157995AA<\/li>\n<li data-start=\"320\" data-end=\"336\"><strong>LAND ROVER<\/strong> LR023288\/89<\/li>\n<\/ul>\n<\/li>\n<\/ul>","protected":false},"featured_media":1604,"comment_status":"open","ping_status":"closed","template":"","meta":[],"product_brand":[],"product_cat":[44],"product_tag":[],"class_list":{"0":"post-1603","1":"product","2":"type-product","3":"status-publish","4":"has-post-thumbnail","6":"product_cat-huiles-de-transmission-automatique","8":"first","9":"instock","10":"shipping-taxable","11":"product-type-simple"},"_links":{"self":[{"href":"https:\/\/gofastoil.com\/en\/wp-json\/wp\/v2\/product\/1603","targetHints":{"allow":["GET"]}}],"collection":[{"href":"https:\/\/gofastoil.com\/en\/wp-json\/wp\/v2\/product"}],"about":[{"href":"https:\/\/gofastoil.com\/en\/wp-json\/wp\/v2\/types\/product"}],"replies":[{"embeddable":true,"href":"https:\/\/gofastoil.com\/en\/wp-json\/wp\/v2\/comments?post=1603"}],"wp:featuredmedia":[{"embeddable":true,"href":"https:\/\/gofastoil.com\/en\/wp-json\/wp\/v2\/media\/1604"}],"wp:attachment":[{"href":"https:\/\/gofastoil.com\/en\/wp-json\/wp\/v2\/media?parent=1603"}],"wp:term":[{"taxonomy":"product_brand","embeddable":true,"href":"https:\/\/gofastoil.com\/en\/wp-json\/wp\/v2\/product_brand?post=1603"},{"taxonomy":"product_cat","embeddable":true,"href":"https:\/\/gofastoil.com\/en\/wp-json\/wp\/v2\/product_cat?post=1603"},{"taxonomy":"product_tag","embeddable":true,"href":"https:\/\/gofastoil.com\/en\/wp-json\/wp\/v2\/product_tag?post=1603"}],"curies":[{"name":"wp","href":"https:\/\/api.w.org\/{rel}","templated":true}]}}