{"id":1606,"date":"2025-05-19T10:17:57","date_gmt":"2025-05-19T10:17:57","guid":{"rendered":"https:\/\/gofastoil.com\/?post_type=product&#038;p=1606"},"modified":"2025-10-08T09:07:10","modified_gmt":"2025-10-08T09:07:10","slug":"cvt-ultra-fluid-x-7000-va","status":"publish","type":"product","link":"https:\/\/gofastoil.com\/en\/product\/cvt-ultra-fluid-x-7000-va\/","title":{"rendered":"CVT ULTRA-FLUID X 7000 VA"},"content":{"rendered":"<p data-start=\"421\" data-end=\"459\">\u2705 <strong data-start=\"423\" data-end=\"455\">Caract\u00e9ristiques &amp; Avantages<\/strong> :<\/p>\n<ul>\n<li data-start=\"1345\" data-end=\"1421\">\n<p data-start=\"1347\" data-end=\"1421\">\u00a0Excellente protection contre l\u2019usure des cha\u00eenes et poulies CVT<\/p>\n<\/li>\n<li data-start=\"1422\" data-end=\"1508\">\n<p data-start=\"1424\" data-end=\"1508\"><strong>\u00a0<\/strong>Maintien des performances m\u00eame \u00e0 haute temp\u00e9rature<\/p>\n<\/li>\n<li data-start=\"1509\" data-end=\"1598\">\n<p data-start=\"1511\" data-end=\"1598\">\u00a0R\u00e9duction du bruit et des vibrations de la transmission<\/p>\n<\/li>\n<li data-start=\"1599\" data-end=\"1675\">\n<p data-start=\"1601\" data-end=\"1675\">\u00a0R\u00e9sistance \u00e9lev\u00e9e \u00e0 l\u2019oxydation et \u00e0 la formation de d\u00e9p\u00f4ts<\/p>\n<\/li>\n<li data-start=\"1676\" data-end=\"1746\">\n<p data-start=\"1678\" data-end=\"1746\">\u00a0Transmission fluide et douce, sans \u00e0-coups<\/p>\n<\/li>\n<li data-start=\"1676\" data-end=\"1746\">Compatible avec un large \u00e9ventail de v\u00e9hicules asiatiques et europ\u00e9ens<\/li>\n<\/ul>\n<p data-start=\"868\" data-end=\"890\">\u2705 <strong data-start=\"870\" data-end=\"886\">Applications<\/strong> :<\/p>\n<ul>\n<li data-start=\"180\" data-end=\"267\">\n<p data-start=\"182\" data-end=\"267\">Pour les <strong data-start=\"1888\" data-end=\"1953\">v\u00e9hicules \u00e9quip\u00e9s de transmissions CVT \u00e0 courroie ou \u00e0 cha\u00eene<\/strong><\/p>\n<\/li>\n<li data-start=\"268\" data-end=\"368\">\n<p data-start=\"270\" data-end=\"368\">Recommand\u00e9e pour les marques : <strong data-start=\"1989\" data-end=\"2089\">Nissan, Toyota, Honda, Mitsubishi, Subaru, Suzuki, Mazda, Hyundai, Kia, BMW, Mini, Mercedes-Benz<\/strong>, etc.<\/p>\n<\/li>\n<li data-start=\"369\" data-end=\"468\">\n<p data-start=\"371\" data-end=\"468\">Id\u00e9ale pour la <strong data-start=\"2115\" data-end=\"2174\">conduite urbaine, autorouti\u00e8re et en conditions s\u00e9v\u00e8res<\/strong><\/p>\n<\/li>\n<li data-start=\"469\" data-end=\"565\">\n<p data-start=\"471\" data-end=\"565\">Convient aux <strong data-start=\"2192\" data-end=\"2215\">bo\u00eetes CVT modernes<\/strong> avec haut rendement \u00e9nerg\u00e9tique<\/p>\n<\/li>\n<\/ul>\n<p data-start=\"1100\" data-end=\"1135\">\u2705 <strong data-start=\"1102\" data-end=\"1131\">Donn\u00e9es Physico-Chimiques<\/strong> :<\/p>\n<ul>\n<li data-start=\"1031\" data-end=\"1068\">\n<p data-start=\"1033\" data-end=\"1068\">Viscosit\u00e9 \u00e0 40\u00b0C : ~34 mm\u00b2\/s<\/p>\n<\/li>\n<li data-start=\"1069\" data-end=\"1105\">\n<p data-start=\"1071\" data-end=\"1105\">Viscosit\u00e9 \u00e0 100\u00b0C : ~7 mm\u00b2\/s<\/p>\n<\/li>\n<li data-start=\"1106\" data-end=\"1142\">\n<p data-start=\"1108\" data-end=\"1142\">Indice de viscosit\u00e9 : ~180<\/p>\n<\/li>\n<li data-start=\"1143\" data-end=\"1177\">\n<p data-start=\"1145\" data-end=\"1177\">Point d\u2019\u00e9clair : &gt;200\u00b0C<\/p>\n<\/li>\n<li data-start=\"1178\" data-end=\"1213\">\n<p data-start=\"1180\" data-end=\"1213\">Point d\u2019\u00e9coulement : &lt; -45\u00b0C<\/p>\n<\/li>\n<li data-start=\"1214\" data-end=\"1245\">\n<p data-start=\"1216\" data-end=\"1245\">Densit\u00e9 \u00e0 15\u00b0C : ~0.860 g\/cm\u00b3<\/p>\n<\/li>\n<\/ul>\n<p data-start=\"1510\" data-end=\"1548\">\u2705 <strong data-start=\"1512\" data-end=\"1544\">Conditionnements Disponibles<\/strong> :<\/p>\n<ul data-start=\"1552\" data-end=\"1578\">\n<li data-start=\"1552\" data-end=\"1578\">1L : GF250174<\/li>\n<li data-start=\"1552\" data-end=\"1578\">5L :<\/li>\n<li data-start=\"1552\" data-end=\"1578\">20L<\/li>\n<li data-start=\"1552\" data-end=\"1578\">60L<\/li>\n<li data-start=\"1552\" data-end=\"1578\">208L<\/li>\n<\/ul>","protected":false},"excerpt":{"rendered":"<h3 data-start=\"77\" data-end=\"135\"><strong data-start=\"81\" data-end=\"133\">CVT \u2013 Huile Transmission FULL SYNTHETIC<\/strong><\/h3>\n<p data-start=\"777\" data-end=\"809\">\u2705 <strong data-start=\"779\" data-end=\"805\">Normes internationales<\/strong> :<\/p>\n<ul data-start=\"810\" data-end=\"881\">\n<li data-start=\"810\" data-end=\"835\">ATF<\/li>\n<\/ul>\n<p data-start=\"208\" data-end=\"240\">\u2705 <strong data-start=\"210\" data-end=\"236\">Normes &amp; Homologations<\/strong> :<\/p>\n<ul data-start=\"244\" data-end=\"431\">\n<li data-start=\"291\" data-end=\"431\"><strong data-start=\"293\" data-end=\"310\">Constructeurs<\/strong> :\n<ul data-start=\"320\" data-end=\"431\">\n<li data-start=\"320\" data-end=\"336\"><strong>TOYOTA<\/strong> CVTF TC \/ CVTF FE<\/li>\n<li data-start=\"320\" data-end=\"336\"><strong>NISSAN<\/strong> NS-1 \/ NS-2 \/ NS-3<\/li>\n<li data-start=\"320\" data-end=\"336\"><strong>HONDA<\/strong> HMMF \/ HCF2<\/li>\n<li data-start=\"320\" data-end=\"336\"><strong>HYUNDAI \/ KIA<\/strong> CVT-J1 \/ SP-III<\/li>\n<li data-start=\"320\" data-end=\"336\"><strong>VW<\/strong> G 052 516 \/ G 052 180 A2<\/li>\n<li data-start=\"320\" data-end=\"336\"><strong>AUDI<\/strong> Multitronic<\/li>\n<\/ul>\n<\/li>\n<\/ul>","protected":false},"featured_media":1607,"comment_status":"open","ping_status":"closed","template":"","meta":[],"product_brand":[],"product_cat":[44],"product_tag":[],"class_list":{"0":"post-1606","1":"product","2":"type-product","3":"status-publish","4":"has-post-thumbnail","6":"product_cat-huiles-de-transmission-automatique","8":"first","9":"instock","10":"shipping-taxable","11":"product-type-simple"},"_links":{"self":[{"href":"https:\/\/gofastoil.com\/en\/wp-json\/wp\/v2\/product\/1606","targetHints":{"allow":["GET"]}}],"collection":[{"href":"https:\/\/gofastoil.com\/en\/wp-json\/wp\/v2\/product"}],"about":[{"href":"https:\/\/gofastoil.com\/en\/wp-json\/wp\/v2\/types\/product"}],"replies":[{"embeddable":true,"href":"https:\/\/gofastoil.com\/en\/wp-json\/wp\/v2\/comments?post=1606"}],"wp:featuredmedia":[{"embeddable":true,"href":"https:\/\/gofastoil.com\/en\/wp-json\/wp\/v2\/media\/1607"}],"wp:attachment":[{"href":"https:\/\/gofastoil.com\/en\/wp-json\/wp\/v2\/media?parent=1606"}],"wp:term":[{"taxonomy":"product_brand","embeddable":true,"href":"https:\/\/gofastoil.com\/en\/wp-json\/wp\/v2\/product_brand?post=1606"},{"taxonomy":"product_cat","embeddable":true,"href":"https:\/\/gofastoil.com\/en\/wp-json\/wp\/v2\/product_cat?post=1606"},{"taxonomy":"product_tag","embeddable":true,"href":"https:\/\/gofastoil.com\/en\/wp-json\/wp\/v2\/product_tag?post=1606"}],"curies":[{"name":"wp","href":"https:\/\/api.w.org\/{rel}","templated":true}]}}