{"id":1613,"date":"2025-06-12T14:46:21","date_gmt":"2025-06-12T14:46:21","guid":{"rendered":"https:\/\/gofastoil.com\/?post_type=product&#038;p=1613"},"modified":"2025-10-08T09:06:06","modified_gmt":"2025-10-08T09:06:06","slug":"z6-6hp-velocitydrive-7000-va","status":"publish","type":"product","link":"https:\/\/gofastoil.com\/en\/product\/z6-6hp-velocitydrive-7000-va\/","title":{"rendered":"Z6 6HP VELOCITYDRIVE 7000 VA"},"content":{"rendered":"<p data-start=\"421\" data-end=\"459\">\u2705 <strong data-start=\"423\" data-end=\"455\">Caract\u00e9ristiques &amp; Avantages<\/strong> :<\/p>\n<ul>\n<li data-start=\"1345\" data-end=\"1421\">\n<p data-start=\"1347\" data-end=\"1421\"><strong data-start=\"285\" data-end=\"310\">Sp\u00e9cialement formul\u00e9e<\/strong> pour les transmissions automatiques ZF \u00e0 6 vitesses (6HP).<\/p>\n<\/li>\n<li data-start=\"1422\" data-end=\"1508\">\n<p data-start=\"1424\" data-end=\"1508\"><strong> Excellente stabilit\u00e9 thermique et oxydative pour une long\u00e9vit\u00e9 accrue de l\u2019huile.<\/strong><\/p>\n<\/li>\n<li data-start=\"1509\" data-end=\"1598\">\n<p data-start=\"1511\" data-end=\"1598\"><strong data-start=\"466\" data-end=\"510\">Performance optimale \u00e0 basse temp\u00e9rature<\/strong> : garantit des d\u00e9marrages souples \u00e0 froid.<\/p>\n<\/li>\n<li data-start=\"1599\" data-end=\"1675\">\n<p data-start=\"1601\" data-end=\"1675\"><strong data-start=\"560\" data-end=\"599\">Protection renforc\u00e9e contre l\u2019usure<\/strong>, la corrosion et la formation de d\u00e9p\u00f4ts.<\/p>\n<\/li>\n<li data-start=\"1676\" data-end=\"1746\">\n<p data-start=\"1678\" data-end=\"1746\"><strong data-start=\"646\" data-end=\"677\">Passage fluide des vitesses<\/strong>, sans \u00e0-coups, pour un confort de conduite am\u00e9lior\u00e9.<\/p>\n<\/li>\n<li><strong data-start=\"736\" data-end=\"766\">Compatible avec les joints<\/strong> pour \u00e9viter les fuites et maintenir l\u2019\u00e9tanch\u00e9it\u00e9.<\/li>\n<\/ul>\n<p data-start=\"868\" data-end=\"890\">\u2705 <strong data-start=\"870\" data-end=\"886\">Applications<\/strong> :<\/p>\n<ul>\n<li data-start=\"180\" data-end=\"267\">\n<p data-start=\"182\" data-end=\"267\">Cette huile est sp\u00e9cialement formul\u00e9e pour les transmissions automatiques ZF \u00e0 6 rapports de type <strong data-start=\"217\" data-end=\"224\">6HP<\/strong>.<\/p>\n<\/li>\n<li data-start=\"268\" data-end=\"368\">\n<p data-start=\"270\" data-end=\"368\">Elle est parfaitement adapt\u00e9e aux v\u00e9hicules <strong data-start=\"274\" data-end=\"281\">BMW<\/strong> \u00e9quip\u00e9s de bo\u00eetes ZF 6HP (ex : s\u00e9ries 3, 5, X3, X5\u2026).<\/p>\n<\/li>\n<li data-start=\"369\" data-end=\"468\">\n<p data-start=\"371\" data-end=\"468\">Convient \u00e9galement aux mod\u00e8les <strong data-start=\"371\" data-end=\"379\">Audi<\/strong> et <strong data-start=\"383\" data-end=\"397\">Volkswagen<\/strong> utilisant des transmissions Tiptronic ZF \u00e0 6 vitesses.<\/p>\n<\/li>\n<li data-start=\"469\" data-end=\"565\">\n<p data-start=\"471\" data-end=\"565\">Recommand\u00e9e pour les <strong data-start=\"478\" data-end=\"492\">Land Rover<\/strong> et <strong data-start=\"496\" data-end=\"511\">Range Rover<\/strong> dot\u00e9s de bo\u00eetes automatiques ZF.<\/p>\n<\/li>\n<li data-start=\"566\" data-end=\"666\">\n<p data-start=\"568\" data-end=\"666\">Compatible avec les mod\u00e8les <strong data-start=\"577\" data-end=\"587\">Jaguar<\/strong> tels que XF, XJ et XK.<\/p>\n<\/li>\n<li data-start=\"667\" data-end=\"757\">\n<p data-start=\"669\" data-end=\"757\">Utilisable dans certaines <strong data-start=\"641\" data-end=\"652\">Peugeot<\/strong> et <strong data-start=\"656\" data-end=\"667\">Citro\u00ebn<\/strong> \u00e9quip\u00e9es de la bo\u00eete automatique AM6 (ZF 6HP).<\/p>\n<\/li>\n<li data-start=\"758\" data-end=\"849\">\n<p data-start=\"760\" data-end=\"849\">Convient aussi \u00e0 certains v\u00e9hicules <strong data-start=\"755\" data-end=\"766\">Hyundai<\/strong> et <strong data-start=\"770\" data-end=\"777\">Kia<\/strong> haut de gamme avec transmission ZF.<\/p>\n<\/li>\n<li data-start=\"850\" data-end=\"954\">\n<p data-start=\"852\" data-end=\"954\">Peut \u00eatre utilis\u00e9e dans d\u2019autres marques telles que <strong data-start=\"870\" data-end=\"882\">Maserati<\/strong>, <strong data-start=\"884\" data-end=\"894\">Lancia<\/strong>, <strong data-start=\"896\" data-end=\"904\">Opel<\/strong> ou <strong data-start=\"908\" data-end=\"923\">Ford Europe<\/strong>.<\/p>\n<\/li>\n<li data-start=\"850\" data-end=\"954\">Id\u00e9ale pour les op\u00e9rations de vidange, de maintenance ou de remplacement d\u2019huile sur les bo\u00eetes ZF 6HP.<\/li>\n<\/ul>\n<p data-start=\"1100\" data-end=\"1135\">\u2705 <strong data-start=\"1102\" data-end=\"1131\">Donn\u00e9es Physico-Chimiques<\/strong> :<\/p>\n<ul>\n<li data-start=\"167\" data-end=\"240\">\n<p data-start=\"169\" data-end=\"240\"><strong>Densit\u00e9<\/strong> \u00e0 15\u00b0C : 0,845 g\/cm\u00b3.<\/p>\n<\/li>\n<li data-start=\"241\" data-end=\"319\">\n<p data-start=\"243\" data-end=\"319\"><strong>Viscosit\u00e9<\/strong> \u00e0 40\u00b0C : 31,8 mm\u00b2\/s.<\/p>\n<\/li>\n<li data-start=\"320\" data-end=\"401\">\n<p data-start=\"322\" data-end=\"401\"><strong>Viscosit\u00e9<\/strong> \u00e0 100\u00b0C : 6,5 mm\u00b2\/s .<\/p>\n<\/li>\n<li data-start=\"402\" data-end=\"487\">\n<p data-start=\"404\" data-end=\"487\"><strong>Indice de viscosit\u00e9<\/strong> : 170 .<\/p>\n<\/li>\n<li data-start=\"488\" data-end=\"555\">\n<p data-start=\"490\" data-end=\"555\"><strong>Point d\u2019\u00e9clair<\/strong> : 210\u00b0C .<\/p>\n<\/li>\n<li data-start=\"556\" data-end=\"639\">\n<p data-start=\"558\" data-end=\"639\"><strong>Point d\u2019\u00e9coulement<\/strong> : -51\u00b0C .<\/p>\n<\/li>\n<li data-start=\"640\" data-end=\"706\">\n<p data-start=\"642\" data-end=\"706\"><strong>Cendres sulfat\u00e9es<\/strong> : &lt; 0,01 % .<\/p>\n<\/li>\n<\/ul>\n<p data-start=\"1510\" data-end=\"1548\">\u2705 <strong data-start=\"1512\" data-end=\"1544\">Conditionnements Disponibles<\/strong> :<\/p>\n<ul data-start=\"1552\" data-end=\"1578\">\n<li data-start=\"1552\" data-end=\"1578\">1L : GF250164<\/li>\n<li data-start=\"1552\" data-end=\"1578\">5L :<\/li>\n<li data-start=\"1552\" data-end=\"1578\">20L<\/li>\n<li data-start=\"1552\" data-end=\"1578\">60L<\/li>\n<li data-start=\"1552\" data-end=\"1578\">208L<\/li>\n<\/ul>","protected":false},"excerpt":{"rendered":"<h3 data-start=\"77\" data-end=\"135\"><strong data-start=\"81\" data-end=\"133\">Z6 6HP \u2013 Huile Transmission FULL SYNTHETIC<\/strong><\/h3>\n<p data-start=\"777\" data-end=\"809\">\u2705 <strong data-start=\"779\" data-end=\"805\">Normes internationales<\/strong> :<\/p>\n<ul data-start=\"810\" data-end=\"881\">\n<li data-start=\"810\" data-end=\"835\">ATF<\/li>\n<\/ul>\n<p data-start=\"208\" data-end=\"240\">\u2705 <strong data-start=\"210\" data-end=\"236\">Normes &amp; Homologations<\/strong> :<\/p>\n<ul data-start=\"244\" data-end=\"431\">\n<li data-start=\"291\" data-end=\"431\"><strong data-start=\"293\" data-end=\"310\">Constructeurs<\/strong> :\n<ul data-start=\"320\" data-end=\"431\">\n<li data-start=\"320\" data-end=\"336\"><strong>ZF<\/strong> LIFEGUARD 6 FLUID 6HP<\/li>\n<li data-start=\"320\" data-end=\"336\"><strong>BMW<\/strong> 83220142516 83220397114<\/li>\n<li data-start=\"320\" data-end=\"336\"><strong> AUDI VW<\/strong> G 055005 A1\/A2\/A6<\/li>\n<li data-start=\"320\" data-end=\"336\"><strong> LANDROVER<\/strong> TYK500050<\/li>\n<li data-start=\"320\" data-end=\"336\"><strong> JAGUAR<\/strong> Fluid 8432<\/li>\n<li data-start=\"320\" data-end=\"336\"><strong>HYUNDAI<\/strong> 040000C90SG<\/li>\n<\/ul>\n<\/li>\n<\/ul>","protected":false},"featured_media":1614,"comment_status":"open","ping_status":"closed","template":"","meta":[],"product_brand":[],"product_cat":[44],"product_tag":[],"class_list":{"0":"post-1613","1":"product","2":"type-product","3":"status-publish","4":"has-post-thumbnail","6":"product_cat-huiles-de-transmission-automatique","8":"first","9":"instock","10":"shipping-taxable","11":"product-type-simple"},"_links":{"self":[{"href":"https:\/\/gofastoil.com\/en\/wp-json\/wp\/v2\/product\/1613","targetHints":{"allow":["GET"]}}],"collection":[{"href":"https:\/\/gofastoil.com\/en\/wp-json\/wp\/v2\/product"}],"about":[{"href":"https:\/\/gofastoil.com\/en\/wp-json\/wp\/v2\/types\/product"}],"replies":[{"embeddable":true,"href":"https:\/\/gofastoil.com\/en\/wp-json\/wp\/v2\/comments?post=1613"}],"wp:featuredmedia":[{"embeddable":true,"href":"https:\/\/gofastoil.com\/en\/wp-json\/wp\/v2\/media\/1614"}],"wp:attachment":[{"href":"https:\/\/gofastoil.com\/en\/wp-json\/wp\/v2\/media?parent=1613"}],"wp:term":[{"taxonomy":"product_brand","embeddable":true,"href":"https:\/\/gofastoil.com\/en\/wp-json\/wp\/v2\/product_brand?post=1613"},{"taxonomy":"product_cat","embeddable":true,"href":"https:\/\/gofastoil.com\/en\/wp-json\/wp\/v2\/product_cat?post=1613"},{"taxonomy":"product_tag","embeddable":true,"href":"https:\/\/gofastoil.com\/en\/wp-json\/wp\/v2\/product_tag?post=1613"}],"curies":[{"name":"wp","href":"https:\/\/api.w.org\/{rel}","templated":true}]}}