{"id":1619,"date":"2025-06-28T09:06:02","date_gmt":"2025-06-28T09:06:02","guid":{"rendered":"https:\/\/gofastoil.com\/?post_type=product&#038;p=1619"},"modified":"2025-06-28T09:14:00","modified_gmt":"2025-06-28T09:14:00","slug":"0w20-vw-spec-7700-cv","status":"publish","type":"product","link":"https:\/\/gofastoil.com\/en\/product\/0w20-vw-spec-7700-cv\/","title":{"rendered":"0W20 VW-SPEC 7700 CV"},"content":{"rendered":"<p data-start=\"421\" data-end=\"459\">\u2705 <strong data-start=\"423\" data-end=\"455\">Caract\u00e9ristiques &amp; Avantages<\/strong> :<\/p>\n<ul>\n<li data-start=\"318\" data-end=\"449\">\n<p data-start=\"320\" data-end=\"449\">Formule 100% synth\u00e9tique, con\u00e7ue pour les moteurs essence et diesel de derni\u00e8re g\u00e9n\u00e9ration du groupe <strong data-start=\"421\" data-end=\"446\">Volkswagen-Audi (VAG)<\/strong>.<\/p>\n<\/li>\n<li data-start=\"450\" data-end=\"548\">\n<p data-start=\"452\" data-end=\"548\">Sp\u00e9cialement adapt\u00e9e aux exigences <strong data-start=\"487\" data-end=\"502\">LongLife IV<\/strong>, pour des intervalles de vidange prolong\u00e9s.<\/p>\n<\/li>\n<li data-start=\"549\" data-end=\"628\">\n<p data-start=\"551\" data-end=\"628\">R\u00e9duction de la consommation de carburant gr\u00e2ce \u00e0 sa faible viscosit\u00e9 HTHS.<\/p>\n<\/li>\n<li data-start=\"629\" data-end=\"704\">\n<p data-start=\"631\" data-end=\"704\">Excellente protection contre l\u2019usure, m\u00eame dans les d\u00e9marrages \u00e0 froid.<\/p>\n<\/li>\n<li data-start=\"705\" data-end=\"790\">\n<p data-start=\"707\" data-end=\"790\">Maintien de la propret\u00e9 du moteur gr\u00e2ce \u00e0 une excellente stabilit\u00e9 \u00e0 l\u2019oxydation.<\/p>\n<\/li>\n<li data-start=\"791\" data-end=\"899\">\n<p data-start=\"793\" data-end=\"899\">R\u00e9duction des \u00e9missions polluantes gr\u00e2ce \u00e0 sa compatibilit\u00e9 avec les syst\u00e8mes post-traitement (FAP\/GPF).<\/p>\n<\/li>\n<li data-start=\"900\" data-end=\"981\">\n<p data-start=\"902\" data-end=\"981\">Haut niveau de fluidit\u00e9 \u00e0 basse temp\u00e9rature pour une lubrification imm\u00e9diate.<\/p>\n<\/li>\n<li data-start=\"982\" data-end=\"1041\">\n<p data-start=\"984\" data-end=\"1041\">Protection optimale m\u00eame sous forte contrainte thermique.<\/p>\n<\/li>\n<\/ul>\n<p data-start=\"868\" data-end=\"890\">\u2705 <strong data-start=\"870\" data-end=\"886\">Applications<\/strong> :<\/p>\n<ul>\n<li data-start=\"1072\" data-end=\"1228\">\n<p data-start=\"1074\" data-end=\"1228\">Recommand\u00e9e pour les moteurs <strong data-start=\"1103\" data-end=\"1114\">essence<\/strong> et <strong data-start=\"1118\" data-end=\"1128\">diesel<\/strong> (avec ou sans filtre \u00e0 particules) du groupe <strong data-start=\"1174\" data-end=\"1181\">VAG<\/strong> n\u00e9cessitant la norme <strong data-start=\"1203\" data-end=\"1225\">VW 508.00 \/ 509.00<\/strong>.<\/p>\n<\/li>\n<li data-start=\"1229\" data-end=\"1358\">\n<p data-start=\"1231\" data-end=\"1358\">Convient aux v\u00e9hicules <strong data-start=\"1254\" data-end=\"1268\">Volkswagen<\/strong>, <strong data-start=\"1270\" data-end=\"1278\">Audi<\/strong>, <strong data-start=\"1280\" data-end=\"1288\">SEAT<\/strong>, <strong data-start=\"1290\" data-end=\"1299\">Skoda<\/strong> \u00e0 partir de 2017 \u00e9quip\u00e9s de moteurs nouvelle g\u00e9n\u00e9ration.<\/p>\n<\/li>\n<li data-start=\"1359\" data-end=\"1514\">\n<p data-start=\"1361\" data-end=\"1514\">Compatible uniquement avec les moteurs sp\u00e9cialement con\u00e7us pour cette sp\u00e9cification \u2013 <strong data-start=\"1447\" data-end=\"1511\">ne pas utiliser sur moteurs exigeant 504.00\/507.00 ou autres<\/strong>.<\/p>\n<\/li>\n<li data-start=\"1515\" data-end=\"1595\">\n<p data-start=\"1517\" data-end=\"1595\">Con\u00e7ue pour les moteurs avec <strong data-start=\"1546\" data-end=\"1592\">entretien \u00e0 intervalle variable (LongLife)<\/strong>.<\/p>\n<\/li>\n<li data-start=\"1596\" data-end=\"1672\">\n<p data-start=\"1598\" data-end=\"1672\">Toujours v\u00e9rifier le carnet d\u2019entretien du constructeur avant utilisation.<\/p>\n<\/li>\n<\/ul>\n<p data-start=\"1100\" data-end=\"1135\">\u2705 <strong data-start=\"1102\" data-end=\"1131\">Donn\u00e9es Physico-Chimiques<\/strong> :<\/p>\n<ul>\n<li data-start=\"1716\" data-end=\"1783\">\n<p data-start=\"1718\" data-end=\"1783\">Densit\u00e9 \u00e0 15\u00b0C : 0,845 g\/cm\u00b3 \u2013 bonne consistance et protection.<\/p>\n<\/li>\n<li data-start=\"1784\" data-end=\"1859\">\n<p data-start=\"1786\" data-end=\"1859\">Viscosit\u00e9 \u00e0 40\u00b0C : 42,1 mm\u00b2\/s \u2013 circulation fluide en phase de chauffe.<\/p>\n<\/li>\n<li data-start=\"1860\" data-end=\"1930\">\n<p data-start=\"1862\" data-end=\"1930\">Viscosit\u00e9 \u00e0 100\u00b0C : 8,2 mm\u00b2\/s \u2013 maintien des performances \u00e0 chaud.<\/p>\n<\/li>\n<li data-start=\"1931\" data-end=\"2023\">\n<p data-start=\"1933\" data-end=\"2023\">Indice de viscosit\u00e9 : 170 \u2013 stabilit\u00e9 exceptionnelle sur une large plage de temp\u00e9rature.<\/p>\n<\/li>\n<li data-start=\"2024\" data-end=\"2091\">\n<p data-start=\"2026\" data-end=\"2091\">Point d\u2019\u00e9clair : 215\u00b0C \u2013 excellente r\u00e9sistance \u00e0 l\u2019\u00e9vaporation.<\/p>\n<\/li>\n<li data-start=\"2092\" data-end=\"2176\">\n<p data-start=\"2094\" data-end=\"2176\">Point d\u2019\u00e9coulement : -54\u00b0C \u2013 lubrification assur\u00e9e par temp\u00e9ratures tr\u00e8s basses.<\/p>\n<\/li>\n<li data-start=\"2177\" data-end=\"2258\">\n<p data-start=\"2179\" data-end=\"2258\">Teneur en cendres sulfat\u00e9es : \u2264 0,8 % \u2013 pr\u00e9serve les syst\u00e8mes de d\u00e9pollution.<\/p>\n<\/li>\n<li data-start=\"2259\" data-end=\"2316\">\n<p data-start=\"2261\" data-end=\"2316\">Couleur : Jaune ambr\u00e9 \u2013 fluide clair \u00e0 reflets dor\u00e9s.<\/p>\n<\/li>\n<\/ul>\n<p data-start=\"1510\" data-end=\"1548\">\u2705 <strong data-start=\"1512\" data-end=\"1544\">Conditionnements Disponibles<\/strong> :<\/p>\n<ul data-start=\"1552\" data-end=\"1578\">\n<li data-start=\"1552\" data-end=\"1578\">1L :<\/li>\n<li data-start=\"1552\" data-end=\"1578\">5L : GF200309<\/li>\n<li data-start=\"1552\" data-end=\"1578\">20L<\/li>\n<li data-start=\"1552\" data-end=\"1578\">60L<\/li>\n<li data-start=\"1552\" data-end=\"1578\">208L<\/li>\n<\/ul>","protected":false},"excerpt":{"rendered":"<h3 data-start=\"77\" data-end=\"135\"><strong data-start=\"81\" data-end=\"133\">0W20 \u2013 Huile Moteur FULL SYNTHETIC<\/strong><\/h3>\n<p data-start=\"177\" data-end=\"206\">\u2705 <strong data-start=\"179\" data-end=\"192\">Viscosit\u00e9<\/strong> : SAE 0w20<\/p>\n<p data-start=\"208\" data-end=\"240\">\u2705 <strong data-start=\"210\" data-end=\"236\">Normes &amp; Homologations<\/strong> :<\/p>\n<ul data-start=\"244\" data-end=\"431\">\n<li data-start=\"244\" data-end=\"263\"><strong data-start=\"246\" data-end=\"253\">API<\/strong> : SN<\/li>\n<li data-start=\"267\" data-end=\"287\"><strong data-start=\"269\" data-end=\"277\">ACEA<\/strong> : C5<\/li>\n<li data-start=\"291\" data-end=\"431\"><strong data-start=\"293\" data-end=\"310\">Constructeurs<\/strong> :\n<ul data-start=\"320\" data-end=\"431\">\n<li data-start=\"320\" data-end=\"336\"><strong>\u00a0VW<\/strong> 508.00\/509.00<\/li>\n<li data-start=\"320\" data-end=\"336\"><strong>MB <\/strong>229.71<\/li>\n<li data-start=\"320\" data-end=\"336\"><strong>Porsche <\/strong>C20<\/li>\n<li data-start=\"320\" data-end=\"336\"><strong>Jaguar \/ Land Rover\u00a0<\/strong>STJLR.51.5122<\/li>\n<\/ul>\n<\/li>\n<\/ul>","protected":false},"featured_media":1620,"comment_status":"open","ping_status":"closed","template":"","meta":[],"product_brand":[],"product_cat":[26],"product_tag":[],"class_list":{"0":"post-1619","1":"product","2":"type-product","3":"status-publish","4":"has-post-thumbnail","6":"product_cat-huiles-moteur","8":"first","9":"instock","10":"shipping-taxable","11":"product-type-simple"},"_links":{"self":[{"href":"https:\/\/gofastoil.com\/en\/wp-json\/wp\/v2\/product\/1619","targetHints":{"allow":["GET"]}}],"collection":[{"href":"https:\/\/gofastoil.com\/en\/wp-json\/wp\/v2\/product"}],"about":[{"href":"https:\/\/gofastoil.com\/en\/wp-json\/wp\/v2\/types\/product"}],"replies":[{"embeddable":true,"href":"https:\/\/gofastoil.com\/en\/wp-json\/wp\/v2\/comments?post=1619"}],"wp:featuredmedia":[{"embeddable":true,"href":"https:\/\/gofastoil.com\/en\/wp-json\/wp\/v2\/media\/1620"}],"wp:attachment":[{"href":"https:\/\/gofastoil.com\/en\/wp-json\/wp\/v2\/media?parent=1619"}],"wp:term":[{"taxonomy":"product_brand","embeddable":true,"href":"https:\/\/gofastoil.com\/en\/wp-json\/wp\/v2\/product_brand?post=1619"},{"taxonomy":"product_cat","embeddable":true,"href":"https:\/\/gofastoil.com\/en\/wp-json\/wp\/v2\/product_cat?post=1619"},{"taxonomy":"product_tag","embeddable":true,"href":"https:\/\/gofastoil.com\/en\/wp-json\/wp\/v2\/product_tag?post=1619"}],"curies":[{"name":"wp","href":"https:\/\/api.w.org\/{rel}","templated":true}]}}