{"id":1698,"date":"2025-10-01T16:45:52","date_gmt":"2025-10-01T16:45:52","guid":{"rendered":"https:\/\/gofastoil.com\/?post_type=product&#038;p=1698"},"modified":"2025-10-08T09:04:47","modified_gmt":"2025-10-08T09:04:47","slug":"iso-68-hlp-hm-hydromax-9900-hm","status":"publish","type":"product","link":"https:\/\/gofastoil.com\/en\/product\/iso-68-hlp-hm-hydromax-9900-hm\/","title":{"rendered":"ISO 68 HLP &#8211; HM HYDROMAX 9900 HM"},"content":{"rendered":"<p data-start=\"421\" data-end=\"459\">\u2705 <strong data-start=\"423\" data-end=\"455\">Caract\u00e9ristiques &amp; Avantages<\/strong> :<\/p>\n<ul data-start=\"463\" data-end=\"866\">\n<li data-start=\"148\" data-end=\"246\">\n<p data-start=\"150\" data-end=\"246\">Excellente stabilit\u00e9 \u00e0 l\u2019oxydation, prolongeant la dur\u00e9e de vie de l\u2019huile et des \u00e9quipements.<\/p>\n<\/li>\n<li data-start=\"247\" data-end=\"336\">\n<p data-start=\"249\" data-end=\"336\">Pouvoir anti-usure renforc\u00e9, r\u00e9duisant l\u2019usure des pompes et composants hydrauliques.<\/p>\n<\/li>\n<li data-start=\"337\" data-end=\"392\">\n<p data-start=\"339\" data-end=\"392\">Haute protection contre la corrosion et la rouille.<\/p>\n<\/li>\n<li data-start=\"393\" data-end=\"449\">\n<p data-start=\"395\" data-end=\"449\">Tr\u00e8s bonne d\u00e9s\u00e9mulsion, anti-mousse et filtrabilit\u00e9.<\/p>\n<\/li>\n<li data-start=\"450\" data-end=\"539\">\n<p data-start=\"452\" data-end=\"539\">Maintien de la performance dans des conditions s\u00e9v\u00e8res de pression et de temp\u00e9rature.<\/p>\n<\/li>\n<li data-start=\"540\" data-end=\"627\">\n<p data-start=\"542\" data-end=\"627\">R\u00e9duction des co\u00fbts de maintenance gr\u00e2ce \u00e0 une meilleure long\u00e9vit\u00e9 des \u00e9quipements.<\/p>\n<\/li>\n<\/ul>\n<p data-start=\"868\" data-end=\"890\">\u2705 <strong data-start=\"870\" data-end=\"886\">Applications<\/strong> :<\/p>\n<ul>\n<li data-start=\"656\" data-end=\"733\">\n<p data-start=\"658\" data-end=\"733\">Syst\u00e8mes hydrauliques fonctionnant sous hautes pressions et temp\u00e9ratures.<\/p>\n<\/li>\n<li data-start=\"734\" data-end=\"833\">\n<p data-start=\"736\" data-end=\"833\">Engins de travaux publics, machines agricoles, \u00e9quipements industriels et presses hydrauliques.<\/p>\n<\/li>\n<li data-start=\"834\" data-end=\"926\">\n<p data-start=\"836\" data-end=\"926\">Convient aux syst\u00e8mes de transmission et de circulation n\u00e9cessitant une huile ISO HM 68.<\/p>\n<\/li>\n<li data-start=\"927\" data-end=\"996\">\n<p data-start=\"929\" data-end=\"996\">Utilisable dans les pompes \u00e0 palettes, \u00e0 engrenages et \u00e0 pistons.<\/p>\n<\/li>\n<li data-start=\"997\" data-end=\"1092\">\n<p data-start=\"999\" data-end=\"1092\">Compatible avec les joints et mat\u00e9riaux couramment utilis\u00e9s dans les syst\u00e8mes hydrauliques.<\/p>\n<\/li>\n<\/ul>\n<p data-start=\"1100\" data-end=\"1135\">\u2705 <strong data-start=\"1102\" data-end=\"1131\">Donn\u00e9es Physico-Chimiques<\/strong> :<\/p>\n<ul>\n<li data-start=\"1154\" data-end=\"1201\">\n<p data-start=\"1156\" data-end=\"1201\">Viscosit\u00e9 cin\u00e9matique \u00e0 40\u00b0C : <strong data-start=\"1187\" data-end=\"1199\">68 mm\u00b2\/s<\/strong><\/p>\n<\/li>\n<li data-start=\"1202\" data-end=\"1251\">\n<p data-start=\"1204\" data-end=\"1251\">Viscosit\u00e9 cin\u00e9matique \u00e0 100\u00b0C : <strong data-start=\"1236\" data-end=\"1249\">8,6 mm\u00b2\/s<\/strong><\/p>\n<\/li>\n<li data-start=\"1252\" data-end=\"1284\">\n<p data-start=\"1254\" data-end=\"1284\">Indice de viscosit\u00e9 : <strong data-start=\"1276\" data-end=\"1282\">98<\/strong><\/p>\n<\/li>\n<li data-start=\"1285\" data-end=\"1319\">\n<p data-start=\"1287\" data-end=\"1319\">Point d\u2019\u00e9coulement : <strong data-start=\"1308\" data-end=\"1317\">-24\u00b0C<\/strong><\/p>\n<\/li>\n<li data-start=\"1320\" data-end=\"1355\">\n<p data-start=\"1322\" data-end=\"1355\">Densit\u00e9 \u00e0 15\u00b0C : <strong data-start=\"1339\" data-end=\"1353\">0,88 g\/cm\u00b3<\/strong><\/p>\n<\/li>\n<li data-start=\"1356\" data-end=\"1390\">\n<p data-start=\"1358\" data-end=\"1390\">Point d\u2019\u00e9clair COC : <strong data-start=\"1379\" data-end=\"1388\">220\u00b0C<\/strong><\/p>\n<\/li>\n<\/ul>\n<p data-start=\"1510\" data-end=\"1548\">\u2705 <strong data-start=\"1512\" data-end=\"1544\">Conditionnements Disponibles<\/strong> :<\/p>\n<ul data-start=\"1552\" data-end=\"1578\">\n<li data-start=\"1552\" data-end=\"1578\">1L :<\/li>\n<li data-start=\"1552\" data-end=\"1578\">5L :<\/li>\n<li data-start=\"1552\" data-end=\"1578\">20L : GF300025<\/li>\n<li data-start=\"1552\" data-end=\"1578\">60L :<\/li>\n<li data-start=\"1552\" data-end=\"1578\">208L :<\/li>\n<\/ul>","protected":false},"excerpt":{"rendered":"<h3 data-start=\"77\" data-end=\"135\">ISO 68 HLP &#8211; HM HYDROMAX 9900 HM<\/h3>\n<p data-start=\"177\" data-end=\"206\">\u2705 <strong data-start=\"179\" data-end=\"192\">Viscosit\u00e9<\/strong> : ISO 68<\/p>\n<p data-start=\"208\" data-end=\"240\">\u2705 <strong data-start=\"210\" data-end=\"236\">Normes &amp; Homologations<\/strong> :<\/p>\n<ul data-start=\"244\" data-end=\"431\">\n<li data-start=\"291\" data-end=\"431\"><strong data-start=\"293\" data-end=\"310\">Constructeurs<\/strong> :\n<ul data-start=\"320\" data-end=\"431\">\n<li data-start=\"320\" data-end=\"336\"><strong>\u00a0PARKER DENINSON<\/strong> HF-0, HF-1, HF-2<\/li>\n<li data-start=\"320\" data-end=\"336\"><strong>DIN<\/strong> 51524 Parte 2 HLP<\/li>\n<li data-start=\"320\" data-end=\"336\"><strong>ISO<\/strong> 6743\/4 HM<\/li>\n<li data-start=\"320\" data-end=\"336\"><strong>AFNOR<\/strong> NF-E 48-603 HM<\/li>\n<\/ul>\n<\/li>\n<\/ul>","protected":false},"featured_media":1699,"comment_status":"open","ping_status":"closed","template":"","meta":[],"product_brand":[],"product_cat":[45],"product_tag":[],"class_list":{"0":"post-1698","1":"product","2":"type-product","3":"status-publish","4":"has-post-thumbnail","6":"product_cat-huiles-hydrauliques","8":"first","9":"instock","10":"shipping-taxable","11":"product-type-simple"},"_links":{"self":[{"href":"https:\/\/gofastoil.com\/en\/wp-json\/wp\/v2\/product\/1698","targetHints":{"allow":["GET"]}}],"collection":[{"href":"https:\/\/gofastoil.com\/en\/wp-json\/wp\/v2\/product"}],"about":[{"href":"https:\/\/gofastoil.com\/en\/wp-json\/wp\/v2\/types\/product"}],"replies":[{"embeddable":true,"href":"https:\/\/gofastoil.com\/en\/wp-json\/wp\/v2\/comments?post=1698"}],"wp:featuredmedia":[{"embeddable":true,"href":"https:\/\/gofastoil.com\/en\/wp-json\/wp\/v2\/media\/1699"}],"wp:attachment":[{"href":"https:\/\/gofastoil.com\/en\/wp-json\/wp\/v2\/media?parent=1698"}],"wp:term":[{"taxonomy":"product_brand","embeddable":true,"href":"https:\/\/gofastoil.com\/en\/wp-json\/wp\/v2\/product_brand?post=1698"},{"taxonomy":"product_cat","embeddable":true,"href":"https:\/\/gofastoil.com\/en\/wp-json\/wp\/v2\/product_cat?post=1698"},{"taxonomy":"product_tag","embeddable":true,"href":"https:\/\/gofastoil.com\/en\/wp-json\/wp\/v2\/product_tag?post=1698"}],"curies":[{"name":"wp","href":"https:\/\/api.w.org\/{rel}","templated":true}]}}