{"id":1700,"date":"2025-10-01T16:51:35","date_gmt":"2025-10-01T16:51:35","guid":{"rendered":"https:\/\/gofastoil.com\/?post_type=product&#038;p=1700"},"modified":"2025-10-08T09:04:30","modified_gmt":"2025-10-08T09:04:30","slug":"iso-68-hvlp-hvi-hydromax-9900-hv","status":"publish","type":"product","link":"https:\/\/gofastoil.com\/en\/product\/iso-68-hvlp-hvi-hydromax-9900-hv\/","title":{"rendered":"ISO 68 HVLP &#8211; HVI HYDROMAX 9900 HV"},"content":{"rendered":"<p data-start=\"421\" data-end=\"459\">\u2705 <strong data-start=\"423\" data-end=\"455\">Caract\u00e9ristiques &amp; Avantages<\/strong> :<\/p>\n<ul data-start=\"463\" data-end=\"866\">\n<li data-start=\"228\" data-end=\"342\">\n<p data-start=\"230\" data-end=\"342\">Haut indice de viscosit\u00e9 assurant une excellente stabilit\u00e9 de la viscosit\u00e9 face aux variations de temp\u00e9rature.<\/p>\n<\/li>\n<li data-start=\"343\" data-end=\"398\">\n<p data-start=\"345\" data-end=\"398\">Performance optimale aussi bien \u00e0 froid qu\u2019\u00e0 chaud.<\/p>\n<\/li>\n<li data-start=\"399\" data-end=\"490\">\n<p data-start=\"401\" data-end=\"490\">Excellente protection anti-usure, prolongeant la dur\u00e9e de vie des pompes et composants.<\/p>\n<\/li>\n<li data-start=\"491\" data-end=\"538\">\n<p data-start=\"493\" data-end=\"538\">Pouvoir anticorrosion et antirouille \u00e9lev\u00e9.<\/p>\n<\/li>\n<li data-start=\"539\" data-end=\"609\">\n<p data-start=\"541\" data-end=\"609\">Tr\u00e8s bonne r\u00e9sistance \u00e0 l\u2019oxydation et \u00e0 la d\u00e9gradation thermique.<\/p>\n<\/li>\n<li data-start=\"610\" data-end=\"704\">\n<p data-start=\"612\" data-end=\"704\">Excellente d\u00e9s\u00e9mulsion et propri\u00e9t\u00e9s anti-mousse pour un fonctionnement fiable et continu.<\/p>\n<\/li>\n<li data-start=\"705\" data-end=\"792\">\n<p data-start=\"707\" data-end=\"792\">R\u00e9duction des co\u00fbts d\u2019entretien et am\u00e9lioration de la productivit\u00e9 des \u00e9quipements.<\/p>\n<\/li>\n<\/ul>\n<p data-start=\"868\" data-end=\"890\">\u2705 <strong data-start=\"870\" data-end=\"886\">Applications<\/strong> :<\/p>\n<ul>\n<li data-start=\"821\" data-end=\"892\">\n<p data-start=\"823\" data-end=\"892\">Syst\u00e8mes hydrauliques soumis \u00e0 de fortes variations de temp\u00e9rature.<\/p>\n<\/li>\n<li data-start=\"893\" data-end=\"988\">\n<p data-start=\"895\" data-end=\"988\">Engins de travaux publics, \u00e9quipements de manutention, machines agricoles et industrielles.<\/p>\n<\/li>\n<li data-start=\"989\" data-end=\"1063\">\n<p data-start=\"991\" data-end=\"1063\">Convient aux syst\u00e8mes de pompes \u00e0 palettes, \u00e0 pistons et \u00e0 engrenages.<\/p>\n<\/li>\n<li data-start=\"1064\" data-end=\"1155\">\n<p data-start=\"1066\" data-end=\"1155\">Recommand\u00e9e pour les circuits hydrauliques ext\u00e9rieurs expos\u00e9s au froid et \u00e0 la chaleur.<\/p>\n<\/li>\n<li data-start=\"1156\" data-end=\"1257\">\n<p data-start=\"1158\" data-end=\"1257\">Id\u00e9ale pour les machines fonctionnant en conditions s\u00e9v\u00e8res (charges lourdes, pressions \u00e9lev\u00e9es).<\/p>\n<\/li>\n<\/ul>\n<p data-start=\"1100\" data-end=\"1135\">\u2705 <strong data-start=\"1102\" data-end=\"1131\">Donn\u00e9es Physico-Chimiques<\/strong> :<\/p>\n<ul>\n<li data-start=\"1319\" data-end=\"1366\">\n<p data-start=\"1321\" data-end=\"1366\">Viscosit\u00e9 cin\u00e9matique \u00e0 40\u00b0C : <strong data-start=\"1352\" data-end=\"1364\">68 mm\u00b2\/s<\/strong><\/p>\n<\/li>\n<li data-start=\"1367\" data-end=\"1416\">\n<p data-start=\"1369\" data-end=\"1416\">Viscosit\u00e9 cin\u00e9matique \u00e0 100\u00b0C : <strong data-start=\"1401\" data-end=\"1414\">9,5 mm\u00b2\/s<\/strong><\/p>\n<\/li>\n<li data-start=\"1417\" data-end=\"1450\">\n<p data-start=\"1419\" data-end=\"1450\">Indice de viscosit\u00e9 : <strong data-start=\"1441\" data-end=\"1448\">150<\/strong><\/p>\n<\/li>\n<li data-start=\"1451\" data-end=\"1485\">\n<p data-start=\"1453\" data-end=\"1485\">Point d\u2019\u00e9coulement : <strong data-start=\"1474\" data-end=\"1483\">-30\u00b0C<\/strong><\/p>\n<\/li>\n<li data-start=\"1486\" data-end=\"1521\">\n<p data-start=\"1488\" data-end=\"1521\">Densit\u00e9 \u00e0 15\u00b0C : <strong data-start=\"1505\" data-end=\"1519\">0,87 g\/cm\u00b3<\/strong><\/p>\n<\/li>\n<li data-start=\"1522\" data-end=\"1556\">\n<p data-start=\"1524\" data-end=\"1556\">Point d\u2019\u00e9clair COC : <strong data-start=\"1545\" data-end=\"1554\">220\u00b0C<\/strong><\/p>\n<\/li>\n<\/ul>\n<p data-start=\"1510\" data-end=\"1548\">\u2705 <strong data-start=\"1512\" data-end=\"1544\">Conditionnements Disponibles<\/strong> :<\/p>\n<ul data-start=\"1552\" data-end=\"1578\">\n<li data-start=\"1552\" data-end=\"1578\">1L :<\/li>\n<li data-start=\"1552\" data-end=\"1578\">5L :<\/li>\n<li data-start=\"1552\" data-end=\"1578\">20L : GF300047<\/li>\n<li data-start=\"1552\" data-end=\"1578\">60L :<\/li>\n<li data-start=\"1552\" data-end=\"1578\">208L :<\/li>\n<\/ul>","protected":false},"excerpt":{"rendered":"<h3 data-start=\"77\" data-end=\"135\">ISO 68 HVLP &#8211; HVI HYDROMAX 9900 HV<\/h3>\n<p data-start=\"177\" data-end=\"206\">\u2705 <strong data-start=\"179\" data-end=\"192\">Viscosit\u00e9<\/strong> : ISO 68<\/p>\n<p data-start=\"208\" data-end=\"240\">\u2705 <strong data-start=\"210\" data-end=\"236\">Normes &amp; Homologations<\/strong> :<\/p>\n<ul data-start=\"244\" data-end=\"431\">\n<li data-start=\"291\" data-end=\"431\"><strong data-start=\"293\" data-end=\"310\">Constructeurs<\/strong> :\n<ul data-start=\"320\" data-end=\"431\">\n<li data-start=\"320\" data-end=\"336\"><strong> PARKER DENINSON <\/strong>HF-0, HF-1, HF-2<\/li>\n<li data-start=\"320\" data-end=\"336\"><strong>DIN<\/strong> 51524 Parte 3 HVLP<\/li>\n<li data-start=\"320\" data-end=\"336\"><strong>ISO<\/strong> 6743\/4 HV 11158 HV<\/li>\n<li data-start=\"320\" data-end=\"336\"><strong>AFNOR <\/strong>NF-E 48-603 HV<\/li>\n<li data-start=\"320\" data-end=\"336\"><strong>Eaton Vickers <\/strong>I-286-S y M-2950-S<\/li>\n<\/ul>\n<\/li>\n<\/ul>","protected":false},"featured_media":1701,"comment_status":"open","ping_status":"closed","template":"","meta":[],"product_brand":[],"product_cat":[45],"product_tag":[],"class_list":{"0":"post-1700","1":"product","2":"type-product","3":"status-publish","4":"has-post-thumbnail","6":"product_cat-huiles-hydrauliques","8":"first","9":"instock","10":"shipping-taxable","11":"product-type-simple"},"_links":{"self":[{"href":"https:\/\/gofastoil.com\/en\/wp-json\/wp\/v2\/product\/1700","targetHints":{"allow":["GET"]}}],"collection":[{"href":"https:\/\/gofastoil.com\/en\/wp-json\/wp\/v2\/product"}],"about":[{"href":"https:\/\/gofastoil.com\/en\/wp-json\/wp\/v2\/types\/product"}],"replies":[{"embeddable":true,"href":"https:\/\/gofastoil.com\/en\/wp-json\/wp\/v2\/comments?post=1700"}],"wp:featuredmedia":[{"embeddable":true,"href":"https:\/\/gofastoil.com\/en\/wp-json\/wp\/v2\/media\/1701"}],"wp:attachment":[{"href":"https:\/\/gofastoil.com\/en\/wp-json\/wp\/v2\/media?parent=1700"}],"wp:term":[{"taxonomy":"product_brand","embeddable":true,"href":"https:\/\/gofastoil.com\/en\/wp-json\/wp\/v2\/product_brand?post=1700"},{"taxonomy":"product_cat","embeddable":true,"href":"https:\/\/gofastoil.com\/en\/wp-json\/wp\/v2\/product_cat?post=1700"},{"taxonomy":"product_tag","embeddable":true,"href":"https:\/\/gofastoil.com\/en\/wp-json\/wp\/v2\/product_tag?post=1700"}],"curies":[{"name":"wp","href":"https:\/\/api.w.org\/{rel}","templated":true}]}}